{"id":76,"date":"2021-02-26T10:20:54","date_gmt":"2021-02-26T10:20:54","guid":{"rendered":"http:\/\/coliseepizzeria.fr\/?page_id=76"},"modified":"2026-03-29T10:35:28","modified_gmt":"2026-03-29T09:35:28","slug":"menu-a-emporter","status":"publish","type":"page","link":"https:\/\/coliseepizzeria.fr\/en\/menu-a-emporter\/","title":{"rendered":"Takeout Menu"},"content":{"rendered":"<div class=\"wp-block-group has-global-padding is-layout-constrained wp-container-core-group-is-layout-24567ffd wp-block-group-is-layout-constrained\" style=\"padding-top:var(--wp--preset--spacing--40);padding-right:var(--wp--preset--spacing--40);padding-bottom:var(--wp--preset--spacing--40);padding-left:var(--wp--preset--spacing--40)\">\n<figure class=\"wp-block-image size-large\" style=\"margin-top:0;margin-right:var(--wp--preset--spacing--30);margin-left:var(--wp--preset--spacing--30)\"><img loading=\"lazy\" decoding=\"async\" width=\"722\" height=\"1024\" src=\"https:\/\/coliseepizzeria.fr\/wp-content\/uploads\/2026\/03\/COLISEE-FLYER-en-page1.webp\" alt=\"\" class=\"wp-image-5018\" srcset=\"https:\/\/coliseepizzeria.fr\/wp-content\/uploads\/2026\/03\/COLISEE-FLYER-en-page1.webp 1748w, https:\/\/coliseepizzeria.fr\/wp-content\/uploads\/2026\/03\/COLISEE-FLYER-en-page1-211x300.webp 211w, https:\/\/coliseepizzeria.fr\/wp-content\/uploads\/2026\/03\/COLISEE-FLYER-en-page1-722x1024.webp 722w, https:\/\/coliseepizzeria.fr\/wp-content\/uploads\/2026\/03\/COLISEE-FLYER-en-page1-768x1090.webp 768w, https:\/\/coliseepizzeria.fr\/wp-content\/uploads\/2026\/03\/COLISEE-FLYER-en-page1-141x200.webp 141w, https:\/\/coliseepizzeria.fr\/wp-content\/uploads\/2026\/03\/COLISEE-FLYER-en-page1-1083x1536.webp 1083w, https:\/\/coliseepizzeria.fr\/wp-content\/uploads\/2026\/03\/COLISEE-FLYER-en-page1-1444x2048.webp 1444w, https:\/\/coliseepizzeria.fr\/wp-content\/uploads\/2026\/03\/COLISEE-FLYER-en-page1-8x12.webp 8w\" sizes=\"auto, (max-width: 722px) 100vw, 722px\" \/><\/figure>\n\n\n\n<div class=\"wp-block-columns is-layout-flex wp-container-core-columns-is-layout-f3e73c6b wp-block-columns-is-layout-flex\" style=\"padding-top:var(--wp--preset--spacing--30);padding-right:var(--wp--preset--spacing--30);padding-bottom:var(--wp--preset--spacing--30);padding-left:var(--wp--preset--spacing--30)\">\n<div class=\"wp-block-column is-vertically-aligned-bottom is-layout-flow wp-block-column-is-layout-flow\">\n<figure class=\"wp-block-image alignleft size-full is-resized\"><img loading=\"lazy\" decoding=\"async\" width=\"79\" height=\"67\" src=\"https:\/\/coliseepizzeria.fr\/wp-content\/uploads\/2026\/03\/olive.webp\" alt=\"\" class=\"wp-image-5004\" style=\"object-fit:cover;width:24px;height:24px\" srcset=\"https:\/\/coliseepizzeria.fr\/wp-content\/uploads\/2026\/03\/olive.webp 79w, https:\/\/coliseepizzeria.fr\/wp-content\/uploads\/2026\/03\/olive-14x12.webp 14w\" sizes=\"auto, (max-width: 79px) 100vw, 79px\" \/><\/figure>\n<\/div>\n\n\n\n<div class=\"wp-block-column is-vertically-aligned-bottom is-layout-flow wp-block-column-is-layout-flow\">\n<figure class=\"wp-block-image alignright size-full is-resized\"><img loading=\"lazy\" decoding=\"async\" width=\"140\" height=\"123\" src=\"https:\/\/coliseepizzeria.fr\/wp-content\/uploads\/2026\/03\/thomate.webp\" alt=\"\" class=\"wp-image-5003\" style=\"width:52px;height:auto\" srcset=\"https:\/\/coliseepizzeria.fr\/wp-content\/uploads\/2026\/03\/thomate.webp 140w, https:\/\/coliseepizzeria.fr\/wp-content\/uploads\/2026\/03\/thomate-14x12.webp 14w\" sizes=\"auto, (max-width: 140px) 100vw, 140px\" \/><\/figure>\n<\/div>\n<\/div>\n\n\n\n<figure class=\"wp-block-image size-full is-resized\" style=\"margin-top:0;margin-right:var(--wp--preset--spacing--30);margin-bottom:0;margin-left:var(--wp--preset--spacing--30)\"><img loading=\"lazy\" decoding=\"async\" width=\"1750\" height=\"2478\" src=\"https:\/\/coliseepizzeria.fr\/wp-content\/uploads\/2026\/03\/flyer-page2-en.png\" alt=\"\" class=\"wp-image-5085\" style=\"aspect-ratio:0.7058823703892441;width:645px;height:auto\" srcset=\"https:\/\/coliseepizzeria.fr\/wp-content\/uploads\/2026\/03\/flyer-page2-en.png 1750w, https:\/\/coliseepizzeria.fr\/wp-content\/uploads\/2026\/03\/flyer-page2-en-212x300.png 212w, https:\/\/coliseepizzeria.fr\/wp-content\/uploads\/2026\/03\/flyer-page2-en-723x1024.png 723w, https:\/\/coliseepizzeria.fr\/wp-content\/uploads\/2026\/03\/flyer-page2-en-768x1087.png 768w, https:\/\/coliseepizzeria.fr\/wp-content\/uploads\/2026\/03\/flyer-page2-en-141x200.png 141w, https:\/\/coliseepizzeria.fr\/wp-content\/uploads\/2026\/03\/flyer-page2-en-1085x1536.png 1085w, https:\/\/coliseepizzeria.fr\/wp-content\/uploads\/2026\/03\/flyer-page2-en-1446x2048.png 1446w, https:\/\/coliseepizzeria.fr\/wp-content\/uploads\/2026\/03\/flyer-page2-en-8x12.png 8w\" sizes=\"auto, (max-width: 1750px) 100vw, 1750px\" \/><\/figure>\n\n\n\n<div class=\"wp-block-group has-global-padding is-layout-constrained wp-container-core-group-is-layout-4877e56e wp-block-group-is-layout-constrained\" style=\"padding-top:var(--wp--preset--spacing--30);padding-right:var(--wp--preset--spacing--50);padding-bottom:var(--wp--preset--spacing--30);padding-left:var(--wp--preset--spacing--50)\">\n<div class=\"wp-block-columns is-layout-flex wp-container-core-columns-is-layout-28f84493 wp-block-columns-is-layout-flex\">\n<div class=\"wp-block-column no-display-mobile is-layout-flow wp-block-column-is-layout-flow\">\n<figure class=\"wp-block-image alignleft size-full is-resized\" style=\"margin-top:var(--wp--preset--spacing--30);margin-bottom:var(--wp--preset--spacing--30)\"><img loading=\"lazy\" decoding=\"async\" width=\"283\" height=\"252\" src=\"https:\/\/coliseepizzeria.fr\/wp-content\/uploads\/2026\/03\/pizza-wood.webp\" alt=\"\" class=\"wp-image-5013\" style=\"width:174px;height:auto\" srcset=\"https:\/\/coliseepizzeria.fr\/wp-content\/uploads\/2026\/03\/pizza-wood.webp 283w, https:\/\/coliseepizzeria.fr\/wp-content\/uploads\/2026\/03\/pizza-wood-200x178.webp 200w, https:\/\/coliseepizzeria.fr\/wp-content\/uploads\/2026\/03\/pizza-wood-13x12.webp 13w\" sizes=\"auto, (max-width: 283px) 100vw, 283px\" \/><\/figure>\n<\/div>\n<\/div>\n\n\n\n<h3 class=\"wp-block-heading has-text-align-center\" id=\"h-vous-cherchez-le-menu-sur-place\">Vous cherchez le menu sur place ?<\/h3>\n\n\n\n<p class=\"has-text-align-left\" style=\"margin-top:var(--wp--preset--spacing--30);margin-bottom:var(--wp--preset--spacing--30)\">Pas de souci !<br>\ud83d\udc49 Cliquez juste ici pour acc\u00e9der directement \u00e0 notre menu sur place.<\/p>\n\n\n\n<div class=\"wp-block-buttons is-content-justification-center is-layout-flex wp-container-core-buttons-is-layout-fe1bbffc wp-block-buttons-is-layout-flex\" style=\"padding-top:var(--wp--preset--spacing--30);padding-bottom:var(--wp--preset--spacing--30)\">\n<div class=\"wp-block-button is-style-fill\"><a class=\"wp-block-button__link has-red-background-color has-background wp-element-button\" href=\"\/en\/menu-sur-place\/\" style=\"border-top-left-radius:15px;border-top-right-radius:15px;border-bottom-left-radius:15px;border-bottom-right-radius:15px\">Menu available for dine-in<\/a><\/div>\n<\/div>\n<\/div>\n<\/div>","protected":false},"excerpt":{"rendered":"<p>Vous cherchez le menu sur place ? Pas de souci !\ud83d\udc49 Cliquez juste ici pour acc\u00e9der directement \u00e0 notre menu sur place.<\/p>","protected":false},"author":1,"featured_media":0,"parent":0,"menu_order":0,"comment_status":"closed","ping_status":"closed","template":"","meta":{"footnotes":""},"class_list":["post-76","page","type-page","status-publish","hentry"],"yoast_head":"<!-- This site is optimized with the Yoast SEO Premium plugin v24.2 (Yoast SEO v27.2) - https:\/\/yoast.com\/product\/yoast-seo-premium-wordpress\/ -->\n<title>Menu \u00e0 emporter - Pizzeria &amp; Restaurant | Le Colis\u00e9e | Angers<\/title>\n<meta name=\"description\" content=\"Venez faire votre choix pour la commande \u00e0 emporter en venant voir notre liste de pizza \u00e0 emporter sur notre site.\" \/>\n<meta name=\"robots\" content=\"index, follow, max-snippet:-1, max-image-preview:large, max-video-preview:-1\" \/>\n<link rel=\"canonical\" href=\"https:\/\/coliseepizzeria.fr\/en\/menu-a-emporter\/\" \/>\n<meta property=\"og:locale\" content=\"en_US\" \/>\n<meta property=\"og:type\" content=\"article\" \/>\n<meta property=\"og:title\" content=\"Pizzeria &amp; Restaurant | Le Colis\u00e9e | Angers\" \/>\n<meta property=\"og:description\" content=\"Pizzeria \u00e0 Angers pr\u00e8s de Terra Botanica, ouverte toute la semaine sauf dimanche. Savourez nos pizzas sur place ou \u00e0 emporter : lundi 18h-22h, mardi \u00e0 vendredi 12h-14h et 18h-22h.\" \/>\n<meta property=\"og:url\" content=\"https:\/\/coliseepizzeria.fr\/en\/menu-a-emporter\/\" \/>\n<meta property=\"og:site_name\" content=\"Pizzeria &amp; Restaurant | Le Colis\u00e9e | Angers\" \/>\n<meta property=\"article:publisher\" content=\"https:\/\/www.facebook.com\/coliseepizzeria\" \/>\n<meta property=\"article:modified_time\" content=\"2026-03-29T09:35:28+00:00\" \/>\n<meta property=\"og:image\" content=\"https:\/\/coliseepizzeria.fr\/wp-content\/uploads\/2026\/03\/flyer-v12-page-1.webp\" \/>\n\t<meta property=\"og:image:width\" content=\"1748\" \/>\n\t<meta property=\"og:image:height\" content=\"2480\" \/>\n\t<meta property=\"og:image:type\" content=\"image\/webp\" \/>\n<meta name=\"twitter:card\" content=\"summary_large_image\" \/>\n<meta name=\"twitter:label1\" content=\"Dur\u00e9e de lecture estim\u00e9e\" \/>\n\t<meta name=\"twitter:data1\" content=\"2 minutes\" \/>\n<script type=\"application\/ld+json\" class=\"yoast-schema-graph\">{\"@context\":\"https:\/\/schema.org\",\"@graph\":[{\"@type\":\"WebPage\",\"@id\":\"https:\/\/coliseepizzeria.fr\/menu-a-emporter\/\",\"url\":\"https:\/\/coliseepizzeria.fr\/menu-a-emporter\/\",\"name\":\"Menu \u00e0 emporter - Pizzeria &amp; Restaurant | Le Colis\u00e9e | Angers\",\"isPartOf\":{\"@id\":\"https:\/\/coliseepizzeria.fr\/#website\"},\"primaryImageOfPage\":{\"@id\":\"https:\/\/coliseepizzeria.fr\/menu-a-emporter\/#primaryimage\"},\"image\":{\"@id\":\"https:\/\/coliseepizzeria.fr\/menu-a-emporter\/#primaryimage\"},\"thumbnailUrl\":\"https:\/\/coliseepizzeria.fr\/wp-content\/uploads\/2026\/03\/flyer-v12-page-1-722x1024.webp\",\"datePublished\":\"2021-02-26T10:20:54+00:00\",\"dateModified\":\"2026-03-29T09:35:28+00:00\",\"description\":\"Venez faire votre choix pour la commande \u00e0 emporter en venant voir notre liste de pizza \u00e0 emporter sur notre site.\",\"breadcrumb\":{\"@id\":\"https:\/\/coliseepizzeria.fr\/menu-a-emporter\/#breadcrumb\"},\"inLanguage\":\"fr-FR\",\"potentialAction\":[{\"@type\":\"ReadAction\",\"target\":[\"https:\/\/coliseepizzeria.fr\/menu-a-emporter\/\"]}]},{\"@type\":\"ImageObject\",\"inLanguage\":\"fr-FR\",\"@id\":\"https:\/\/coliseepizzeria.fr\/menu-a-emporter\/#primaryimage\",\"url\":\"https:\/\/coliseepizzeria.fr\/wp-content\/uploads\/2026\/03\/flyer-v12-page-1-722x1024.webp\",\"contentUrl\":\"https:\/\/coliseepizzeria.fr\/wp-content\/uploads\/2026\/03\/flyer-v12-page-1-722x1024.webp\"},{\"@type\":\"BreadcrumbList\",\"@id\":\"https:\/\/coliseepizzeria.fr\/menu-a-emporter\/#breadcrumb\",\"itemListElement\":[{\"@type\":\"ListItem\",\"position\":1,\"name\":\"Accueil\",\"item\":\"https:\/\/coliseepizzeria.fr\/\"},{\"@type\":\"ListItem\",\"position\":2,\"name\":\"Menu \u00e0 emporter\"}]},{\"@type\":\"WebSite\",\"@id\":\"https:\/\/coliseepizzeria.fr\/#website\",\"url\":\"https:\/\/coliseepizzeria.fr\/\",\"name\":\"Pizzeria & Restaurant | Le Colis\u00e9e | Angers\",\"description\":\"D\u00e9couvrez notre pizzeria artisanale : des ingr\u00e9dients frais, des saveurs authentiques et une ambiance conviviale pour des moments gourmands en famille ou entre amis !\",\"publisher\":{\"@id\":\"https:\/\/coliseepizzeria.fr\/#organization\"},\"alternateName\":\"Le Colis\u00e9e\",\"potentialAction\":[{\"@type\":\"SearchAction\",\"target\":{\"@type\":\"EntryPoint\",\"urlTemplate\":\"https:\/\/coliseepizzeria.fr\/?s={search_term_string}\"},\"query-input\":{\"@type\":\"PropertyValueSpecification\",\"valueRequired\":true,\"valueName\":\"search_term_string\"}}],\"inLanguage\":\"fr-FR\"},{\"@type\":[\"Organization\",\"Place\",\"Restaurant\"],\"@id\":\"https:\/\/coliseepizzeria.fr\/#organization\",\"name\":\"Le Colis\u00e9e\",\"url\":\"https:\/\/coliseepizzeria.fr\/\",\"logo\":{\"@id\":\"https:\/\/coliseepizzeria.fr\/menu-a-emporter\/#local-main-organization-logo\"},\"image\":{\"@id\":\"https:\/\/coliseepizzeria.fr\/menu-a-emporter\/#local-main-organization-logo\"},\"sameAs\":[\"https:\/\/www.facebook.com\/coliseepizzeria\",\"https:\/\/www.instagram.com\/colisee_pizzeria_angers\/\",\"https:\/\/fr.restaurantguru.com\/Pizzeria-Le-Colisee-Angers\"],\"description\":\"Colis\u00e9e Pizzeria est un restaurant-pizzeria familial sp\u00e9cialis\u00e9 dans des plats artisanaux pr\u00e9par\u00e9s \u00e0 partir d'ingr\u00e9dients frais et locaux. Nous proposons une vari\u00e9t\u00e9 de pizzas, p\u00e2tes et autres sp\u00e9cialit\u00e9s culinaires, dans une ambiance chaleureuse et conviviale. Chez Colis\u00e9e Pizzeria, nous privil\u00e9gions la qualit\u00e9, la tradition et le plaisir de partager un bon repas.\",\"legalName\":\"LE COLISEE\",\"foundingDate\":\"2016-09-23\",\"naics\":\"5610A\",\"numberOfEmployees\":{\"@type\":\"QuantitativeValue\",\"minValue\":\"1\",\"maxValue\":\"10\"},\"ownershipFundingInfo\":\"https:\/\/coliseepizzeria.fr\/mentions-legales\/\",\"address\":{\"@id\":\"https:\/\/coliseepizzeria.fr\/menu-a-emporter\/#local-main-place-address\"},\"geo\":{\"@type\":\"GeoCoordinates\",\"latitude\":\"47.48174783200131\",\"longitude\":\"-0.5672229016094944\"},\"telephone\":[\"02 41 73 98 43\"],\"contactPoint\":{\"@type\":\"ContactPoint\",\"telephone\":\"02 41 73 98 43\",\"email\":\"coliseepizzeria@gmail.com\"},\"openingHoursSpecification\":[{\"@type\":\"OpeningHoursSpecification\",\"dayOfWeek\":[\"Monday\",\"Sunday\"],\"opens\":\"00:00\",\"closes\":\"00:00\"},{\"@type\":\"OpeningHoursSpecification\",\"dayOfWeek\":[\"Tuesday\",\"Wednesday\",\"Thursday\",\"Friday\",\"Saturday\"],\"opens\":\"12:00\",\"closes\":\"22:00\"}],\"email\":\"coliseepizzeria@gmail.com\",\"areaServed\":\"Angers et ses environs, \u00e0 proximit\u00e9 de Terra Botanica.\",\"vatID\":\"FR48822714242\",\"taxID\":\"82271424200010\",\"priceRange\":\"$$\",\"currenciesAccepted\":\"EUR\",\"paymentAccepted\":\"Esp\u00e8ces, Cartes bancaires, Paiement sans contact\"},{\"@type\":\"PostalAddress\",\"@id\":\"https:\/\/coliseepizzeria.fr\/menu-a-emporter\/#local-main-place-address\",\"streetAddress\":\"26 rue du Champs de Bataille 49100 Angers, France\",\"addressLocality\":\"Angers\",\"postalCode\":\"49100\",\"addressCountry\":\"FR\"},{\"@type\":\"ImageObject\",\"inLanguage\":\"fr-FR\",\"@id\":\"https:\/\/coliseepizzeria.fr\/menu-a-emporter\/#local-main-organization-logo\",\"url\":\"\",\"contentUrl\":\"\",\"caption\":\"Le Colis\u00e9e\"}]}<\/script>\n<meta name=\"geo.placename\" content=\"Angers\" \/>\n<meta name=\"geo.position\" content=\"47.48174783200131;-0.5672229016094944\" \/>\n<meta name=\"geo.region\" content=\"France\" \/>\n<!-- \/ Yoast SEO Premium plugin. -->","yoast_head_json":{"title":"Menu \u00e0 emporter - Pizzeria &amp; Restaurant | Le Colis\u00e9e | Angers","description":"Venez faire votre choix pour la commande \u00e0 emporter en venant voir notre liste de pizza \u00e0 emporter sur notre site.","robots":{"index":"index","follow":"follow","max-snippet":"max-snippet:-1","max-image-preview":"max-image-preview:large","max-video-preview":"max-video-preview:-1"},"canonical":"https:\/\/coliseepizzeria.fr\/en\/menu-a-emporter\/","og_locale":"en_US","og_type":"article","og_title":"Pizzeria &amp; Restaurant | Le Colis\u00e9e | Angers","og_description":"Pizzeria \u00e0 Angers pr\u00e8s de Terra Botanica, ouverte toute la semaine sauf dimanche. Savourez nos pizzas sur place ou \u00e0 emporter : lundi 18h-22h, mardi \u00e0 vendredi 12h-14h et 18h-22h.","og_url":"https:\/\/coliseepizzeria.fr\/en\/menu-a-emporter\/","og_site_name":"Pizzeria &amp; Restaurant | Le Colis\u00e9e | Angers","article_publisher":"https:\/\/www.facebook.com\/coliseepizzeria","article_modified_time":"2026-03-29T09:35:28+00:00","og_image":[{"width":1748,"height":2480,"url":"https:\/\/coliseepizzeria.fr\/wp-content\/uploads\/2026\/03\/flyer-v12-page-1.webp","type":"image\/webp"}],"twitter_card":"summary_large_image","twitter_misc":{"Dur\u00e9e de lecture estim\u00e9e":"2 minutes"},"schema":{"@context":"https:\/\/schema.org","@graph":[{"@type":"WebPage","@id":"https:\/\/coliseepizzeria.fr\/menu-a-emporter\/","url":"https:\/\/coliseepizzeria.fr\/menu-a-emporter\/","name":"Menu \u00e0 emporter - Pizzeria &amp; Restaurant | Le Colis\u00e9e | Angers","isPartOf":{"@id":"https:\/\/coliseepizzeria.fr\/#website"},"primaryImageOfPage":{"@id":"https:\/\/coliseepizzeria.fr\/menu-a-emporter\/#primaryimage"},"image":{"@id":"https:\/\/coliseepizzeria.fr\/menu-a-emporter\/#primaryimage"},"thumbnailUrl":"https:\/\/coliseepizzeria.fr\/wp-content\/uploads\/2026\/03\/flyer-v12-page-1-722x1024.webp","datePublished":"2021-02-26T10:20:54+00:00","dateModified":"2026-03-29T09:35:28+00:00","description":"Venez faire votre choix pour la commande \u00e0 emporter en venant voir notre liste de pizza \u00e0 emporter sur notre site.","breadcrumb":{"@id":"https:\/\/coliseepizzeria.fr\/menu-a-emporter\/#breadcrumb"},"inLanguage":"fr-FR","potentialAction":[{"@type":"ReadAction","target":["https:\/\/coliseepizzeria.fr\/menu-a-emporter\/"]}]},{"@type":"ImageObject","inLanguage":"fr-FR","@id":"https:\/\/coliseepizzeria.fr\/menu-a-emporter\/#primaryimage","url":"https:\/\/coliseepizzeria.fr\/wp-content\/uploads\/2026\/03\/flyer-v12-page-1-722x1024.webp","contentUrl":"https:\/\/coliseepizzeria.fr\/wp-content\/uploads\/2026\/03\/flyer-v12-page-1-722x1024.webp"},{"@type":"BreadcrumbList","@id":"https:\/\/coliseepizzeria.fr\/menu-a-emporter\/#breadcrumb","itemListElement":[{"@type":"ListItem","position":1,"name":"Accueil","item":"https:\/\/coliseepizzeria.fr\/"},{"@type":"ListItem","position":2,"name":"Menu \u00e0 emporter"}]},{"@type":"WebSite","@id":"https:\/\/coliseepizzeria.fr\/#website","url":"https:\/\/coliseepizzeria.fr\/","name":"Pizzeria & Restaurant | Le Colis\u00e9e | Angers","description":"D\u00e9couvrez notre pizzeria artisanale : des ingr\u00e9dients frais, des saveurs authentiques et une ambiance conviviale pour des moments gourmands en famille ou entre amis !","publisher":{"@id":"https:\/\/coliseepizzeria.fr\/#organization"},"alternateName":"Le Colis\u00e9e","potentialAction":[{"@type":"SearchAction","target":{"@type":"EntryPoint","urlTemplate":"https:\/\/coliseepizzeria.fr\/?s={search_term_string}"},"query-input":{"@type":"PropertyValueSpecification","valueRequired":true,"valueName":"search_term_string"}}],"inLanguage":"fr-FR"},{"@type":["Organization","Place","Restaurant"],"@id":"https:\/\/coliseepizzeria.fr\/#organization","name":"Le Colis\u00e9e","url":"https:\/\/coliseepizzeria.fr\/","logo":{"@id":"https:\/\/coliseepizzeria.fr\/menu-a-emporter\/#local-main-organization-logo"},"image":{"@id":"https:\/\/coliseepizzeria.fr\/menu-a-emporter\/#local-main-organization-logo"},"sameAs":["https:\/\/www.facebook.com\/coliseepizzeria","https:\/\/www.instagram.com\/colisee_pizzeria_angers\/","https:\/\/fr.restaurantguru.com\/Pizzeria-Le-Colisee-Angers"],"description":"Colis\u00e9e Pizzeria est un restaurant-pizzeria familial sp\u00e9cialis\u00e9 dans des plats artisanaux pr\u00e9par\u00e9s \u00e0 partir d'ingr\u00e9dients frais et locaux. Nous proposons une vari\u00e9t\u00e9 de pizzas, p\u00e2tes et autres sp\u00e9cialit\u00e9s culinaires, dans une ambiance chaleureuse et conviviale. Chez Colis\u00e9e Pizzeria, nous privil\u00e9gions la qualit\u00e9, la tradition et le plaisir de partager un bon repas.","legalName":"LE COLISEE","foundingDate":"2016-09-23","naics":"5610A","numberOfEmployees":{"@type":"QuantitativeValue","minValue":"1","maxValue":"10"},"ownershipFundingInfo":"https:\/\/coliseepizzeria.fr\/mentions-legales\/","address":{"@id":"https:\/\/coliseepizzeria.fr\/menu-a-emporter\/#local-main-place-address"},"geo":{"@type":"GeoCoordinates","latitude":"47.48174783200131","longitude":"-0.5672229016094944"},"telephone":["02 41 73 98 43"],"contactPoint":{"@type":"ContactPoint","telephone":"02 41 73 98 43","email":"coliseepizzeria@gmail.com"},"openingHoursSpecification":[{"@type":"OpeningHoursSpecification","dayOfWeek":["Monday","Sunday"],"opens":"00:00","closes":"00:00"},{"@type":"OpeningHoursSpecification","dayOfWeek":["Tuesday","Wednesday","Thursday","Friday","Saturday"],"opens":"12:00","closes":"22:00"}],"email":"coliseepizzeria@gmail.com","areaServed":"Angers et ses environs, \u00e0 proximit\u00e9 de Terra Botanica.","vatID":"FR48822714242","taxID":"82271424200010","priceRange":"$$","currenciesAccepted":"EUR","paymentAccepted":"Esp\u00e8ces, Cartes bancaires, Paiement sans contact"},{"@type":"PostalAddress","@id":"https:\/\/coliseepizzeria.fr\/menu-a-emporter\/#local-main-place-address","streetAddress":"26 rue du Champs de Bataille 49100 Angers, France","addressLocality":"Angers","postalCode":"49100","addressCountry":"FR"},{"@type":"ImageObject","inLanguage":"fr-FR","@id":"https:\/\/coliseepizzeria.fr\/menu-a-emporter\/#local-main-organization-logo","url":"","contentUrl":"","caption":"Le Colis\u00e9e"}]},"geo.placename":"Angers","geo.position":{"lat":"47.48174783200131","long":"-0.5672229016094944"},"geo.region":"France"},"_links":{"self":[{"href":"https:\/\/coliseepizzeria.fr\/en\/wp-json\/wp\/v2\/pages\/76","targetHints":{"allow":["GET"]}}],"collection":[{"href":"https:\/\/coliseepizzeria.fr\/en\/wp-json\/wp\/v2\/pages"}],"about":[{"href":"https:\/\/coliseepizzeria.fr\/en\/wp-json\/wp\/v2\/types\/page"}],"author":[{"embeddable":true,"href":"https:\/\/coliseepizzeria.fr\/en\/wp-json\/wp\/v2\/users\/1"}],"replies":[{"embeddable":true,"href":"https:\/\/coliseepizzeria.fr\/en\/wp-json\/wp\/v2\/comments?post=76"}],"version-history":[{"count":20,"href":"https:\/\/coliseepizzeria.fr\/en\/wp-json\/wp\/v2\/pages\/76\/revisions"}],"predecessor-version":[{"id":5086,"href":"https:\/\/coliseepizzeria.fr\/en\/wp-json\/wp\/v2\/pages\/76\/revisions\/5086"}],"wp:attachment":[{"href":"https:\/\/coliseepizzeria.fr\/en\/wp-json\/wp\/v2\/media?parent=76"}],"curies":[{"name":"wp","href":"https:\/\/api.w.org\/{rel}","templated":true}]}}