{"id":3867,"date":"2025-01-16T01:10:40","date_gmt":"2025-01-15T23:10:40","guid":{"rendered":"https:\/\/coliseepizzeria.fr\/?page_id=3867"},"modified":"2026-03-29T13:06:13","modified_gmt":"2026-03-29T12:06:13","slug":"politique-de-confidentialite","status":"publish","type":"page","link":"https:\/\/coliseepizzeria.fr\/en\/politique-de-confidentialite\/","title":{"rendered":"Politique de confidentialit\u00e9"},"content":{"rendered":"<div class=\"wp-block-group has-global-padding is-layout-constrained wp-container-core-group-is-layout-97829e9f wp-block-group-is-layout-constrained\" style=\"padding-right:var(--wp--preset--spacing--40);padding-left:var(--wp--preset--spacing--40)\">\n<h2 class=\"wp-block-heading\" id=\"h-qui-sommes-nous\" style=\"margin-top:var(--wp--preset--spacing--30);margin-bottom:var(--wp--preset--spacing--30)\">Qui sommes-nous ?<\/h2>\n\n\n\n<h3 class=\"wp-block-heading\" id=\"h-adresse-de-notre-site-web\" style=\"margin-top:var(--wp--preset--spacing--30);margin-bottom:var(--wp--preset--spacing--30)\">Adresse de notre site web<\/h3>\n\n\n\n<p><a href=\"https:\/\/coliseepizzeria.fr\/en\/\" type=\"link\" id=\"https:\/\/coliseepizzeria.fr\">coliseepizzeria.fr<\/a><\/p>\n\n\n\n<h3 class=\"wp-block-heading\" id=\"h-reservation-de-table\" style=\"margin-top:var(--wp--preset--spacing--30);margin-bottom:var(--wp--preset--spacing--30)\">R\u00e9servation de table<\/h3>\n\n\n\n<p>Lorsque vous effectuez une r\u00e9servation de table sur notre site, nous vous proposons d\u2019enregistrer votre nom, adresse e-mail et site dans des cookies. Cela vous \u00e9vite de saisir \u00e0 nouveau ces informations lors de futures r\u00e9servations. Ces cookies ont une dur\u00e9e de validit\u00e9 d&rsquo;un an.<\/p>\n\n\n\n<h3 class=\"wp-block-heading\" id=\"h-cookies\" style=\"margin-top:var(--wp--preset--spacing--30);margin-bottom:var(--wp--preset--spacing--30)\">Cookies<\/h3>\n\n\n\n<p>Lorsque vous visitez la page de connexion, un cookie temporaire est cr\u00e9\u00e9 pour v\u00e9rifier si votre navigateur accepte les cookies. Ce cookie ne contient pas de donn\u00e9es personnelles et est supprim\u00e9 automatiquement \u00e0 la fermeture de votre navigateur.<\/p>\n\n\n\n<p>Lorsque vous vous connectez, nous utilisons plusieurs cookies pour enregistrer vos informations de connexion et pr\u00e9f\u00e9rences d\u2019\u00e9cran. La dur\u00e9e de vie d\u2019un cookie de connexion est de deux jours, celle d\u2019un cookie d\u2019option d\u2019\u00e9cran est d\u2019un an. Si vous choisissez \u00ab Se souvenir de moi \u00bb, votre cookie de connexion est conserv\u00e9 pendant deux semaines. Il est effac\u00e9 lorsque vous vous d\u00e9connectez de votre compte.<\/p>\n\n\n\n<h3 class=\"wp-block-heading\" id=\"h-contenu-embarque-depuis-d-autres-sites\" style=\"margin-top:var(--wp--preset--spacing--20);margin-bottom:var(--wp--preset--spacing--20)\">Contenu embarqu\u00e9 depuis d\u2019autres sites<\/h3>\n\n\n\n<p>Les articles de notre site peuvent inclure des contenus int\u00e9gr\u00e9s (par exemple des vid\u00e9os, images, articles). Le comportement de ces contenus est similaire \u00e0 une visite sur un autre site.<\/p>\n\n\n\n<p>Ces sites tiers peuvent collecter des donn\u00e9es vous concernant, utiliser des cookies, embarquer des outils de suivi tiers, et suivre vos interactions avec ce contenu int\u00e9gr\u00e9, notamment si vous avez un compte et \u00eates connect\u00e9 sur leur site.<\/p>\n\n\n\n<h3 class=\"wp-block-heading\" id=\"h-duree-de-stockage-de-vos-donnees\" style=\"margin-top:var(--wp--preset--spacing--30);margin-bottom:var(--wp--preset--spacing--30)\">Dur\u00e9e de stockage de vos donn\u00e9es<\/h3>\n\n\n\n<p>Pour les utilisateurs inscrits sur notre site (si applicable), nous stockons les donn\u00e9es personnelles indiqu\u00e9es dans leur profil. Tous les utilisateurs peuvent voir, modifier ou supprimer leurs informations personnelles \u00e0 tout moment, \u00e0 l\u2019exception de leur identifiant. Les gestionnaires du site peuvent \u00e9galement voir et modifier ces informations.<\/p>\n\n\n\n<h3 class=\"wp-block-heading\" id=\"h-vos-droits-sur-vos-donnees\" style=\"margin-top:var(--wp--preset--spacing--30);margin-bottom:var(--wp--preset--spacing--30)\">Vos droits sur vos donn\u00e9es<\/h3>\n\n\n\n<p>Si vous avez un compte ou avez r\u00e9serv\u00e9 une table sur notre site, vous pouvez demander \u00e0 recevoir un fichier contenant toutes les donn\u00e9es personnelles que nous poss\u00e9dons \u00e0 votre sujet, incluant celles que vous nous avez fournies. Vous pouvez \u00e9galement demander la suppression de vos donn\u00e9es personnelles, \u00e0 l&rsquo;exception des donn\u00e9es conserv\u00e9es \u00e0 des fins administratives, l\u00e9gales ou de s\u00e9curit\u00e9.<\/p>\n\n\n\n<h3 class=\"wp-block-heading\" id=\"h-ou-vos-donnees-sont-envoyees\" style=\"margin-top:var(--wp--preset--spacing--30);margin-bottom:var(--wp--preset--spacing--30)\">O\u00f9 vos donn\u00e9es sont envoy\u00e9es<\/h3>\n\n\n\n<p>Les r\u00e9servations de table effectu\u00e9es sur notre site ne sont pas partag\u00e9es avec des tiers, sauf pour les n\u00e9cessit\u00e9s du service de r\u00e9servation lui-m\u00eame.<\/p>\n<\/div>","protected":false},"excerpt":{"rendered":"<p>Qui sommes-nous ? Adresse de notre site web coliseepizzeria.fr R\u00e9servation de table Lorsque vous effectuez une r\u00e9servation de table sur notre site, nous vous proposons d\u2019enregistrer votre nom, adresse e-mail et site dans des cookies. Cela vous \u00e9vite de saisir \u00e0 nouveau ces informations lors de futures r\u00e9servations. Ces cookies ont une dur\u00e9e de validit\u00e9 [&hellip;]<\/p>\n","protected":false},"author":1,"featured_media":0,"parent":0,"menu_order":0,"comment_status":"closed","ping_status":"closed","template":"","meta":{"footnotes":""},"class_list":["post-3867","page","type-page","status-publish","hentry"],"yoast_head":"<!-- This site is optimized with the Yoast SEO Premium plugin v24.2 (Yoast SEO v27.2) - https:\/\/yoast.com\/product\/yoast-seo-premium-wordpress\/ -->\n<title>Politique de confidentialit\u00e9 - Pizzeria &amp; Restaurant | Le Colis\u00e9e | Angers<\/title>\n<meta name=\"description\" content=\"D\u00e9couvrez les d\u00e9licieuses pizzas artisanales de Colis\u00e9e Pizzeria, pr\u00e9par\u00e9es avec des ingr\u00e9dients frais dans une ambiance conviviale et familiale. R\u00e9servez votre table d\u00e8s aujourd&#039;hui et partagez un moment chaleureux autour de nos plats savoureux !\" \/>\n<meta name=\"robots\" content=\"index, follow, max-snippet:-1, max-image-preview:large, max-video-preview:-1\" \/>\n<link rel=\"canonical\" href=\"https:\/\/coliseepizzeria.fr\/en\/politique-de-confidentialite\/\" \/>\n<meta property=\"og:locale\" content=\"en_US\" \/>\n<meta property=\"og:type\" content=\"article\" \/>\n<meta property=\"og:title\" content=\"Pizzeria &amp; Restaurant | Le Colis\u00e9e | Angers\" \/>\n<meta property=\"og:description\" content=\"Pizzeria \u00e0 Angers pr\u00e8s de Terra Botanica, ouverte toute la semaine sauf dimanche. Savourez nos pizzas sur place ou \u00e0 emporter : lundi 18h-22h, mardi \u00e0 vendredi 12h-14h et 18h-22h.\" \/>\n<meta property=\"og:url\" content=\"https:\/\/coliseepizzeria.fr\/en\/politique-de-confidentialite\/\" \/>\n<meta property=\"og:site_name\" content=\"Pizzeria &amp; Restaurant | Le Colis\u00e9e | Angers\" \/>\n<meta property=\"article:publisher\" content=\"https:\/\/www.facebook.com\/coliseepizzeria\" \/>\n<meta property=\"article:modified_time\" content=\"2026-03-29T12:06:13+00:00\" \/>\n<meta property=\"og:image\" content=\"https:\/\/coliseepizzeria.fr\/wp-content\/uploads\/2026\/03\/italienne-scaled.webp\" \/>\n\t<meta property=\"og:image:width\" content=\"2560\" \/>\n\t<meta property=\"og:image:height\" content=\"1920\" \/>\n\t<meta property=\"og:image:type\" content=\"image\/webp\" \/>\n<meta name=\"twitter:card\" content=\"summary_large_image\" \/>\n<meta name=\"twitter:label1\" content=\"Dur\u00e9e de lecture estim\u00e9e\" \/>\n\t<meta name=\"twitter:data1\" content=\"2 minutes\" \/>\n<script type=\"application\/ld+json\" class=\"yoast-schema-graph\">{\"@context\":\"https:\/\/schema.org\",\"@graph\":[{\"@type\":\"WebPage\",\"@id\":\"https:\/\/coliseepizzeria.fr\/politique-de-confidentialite\/\",\"url\":\"https:\/\/coliseepizzeria.fr\/politique-de-confidentialite\/\",\"name\":\"Politique de confidentialit\u00e9 - Pizzeria &amp; Restaurant | Le Colis\u00e9e | Angers\",\"isPartOf\":{\"@id\":\"https:\/\/coliseepizzeria.fr\/#website\"},\"datePublished\":\"2025-01-15T23:10:40+00:00\",\"dateModified\":\"2026-03-29T12:06:13+00:00\",\"description\":\"D\u00e9couvrez les d\u00e9licieuses pizzas artisanales de Colis\u00e9e Pizzeria, pr\u00e9par\u00e9es avec des ingr\u00e9dients frais dans une ambiance conviviale et familiale. R\u00e9servez votre table d\u00e8s aujourd'hui et partagez un moment chaleureux autour de nos plats savoureux !\",\"breadcrumb\":{\"@id\":\"https:\/\/coliseepizzeria.fr\/politique-de-confidentialite\/#breadcrumb\"},\"inLanguage\":\"fr-FR\",\"potentialAction\":[{\"@type\":\"ReadAction\",\"target\":[\"https:\/\/coliseepizzeria.fr\/politique-de-confidentialite\/\"]}]},{\"@type\":\"BreadcrumbList\",\"@id\":\"https:\/\/coliseepizzeria.fr\/politique-de-confidentialite\/#breadcrumb\",\"itemListElement\":[{\"@type\":\"ListItem\",\"position\":1,\"name\":\"Accueil\",\"item\":\"https:\/\/coliseepizzeria.fr\/\"},{\"@type\":\"ListItem\",\"position\":2,\"name\":\"Politique de confidentialit\u00e9\"}]},{\"@type\":\"WebSite\",\"@id\":\"https:\/\/coliseepizzeria.fr\/#website\",\"url\":\"https:\/\/coliseepizzeria.fr\/\",\"name\":\"Pizzeria & Restaurant | Le Colis\u00e9e | Angers\",\"description\":\"D\u00e9couvrez notre pizzeria artisanale : des ingr\u00e9dients frais, des saveurs authentiques et une ambiance conviviale pour des moments gourmands en famille ou entre amis !\",\"publisher\":{\"@id\":\"https:\/\/coliseepizzeria.fr\/#organization\"},\"alternateName\":\"Le Colis\u00e9e\",\"potentialAction\":[{\"@type\":\"SearchAction\",\"target\":{\"@type\":\"EntryPoint\",\"urlTemplate\":\"https:\/\/coliseepizzeria.fr\/?s={search_term_string}\"},\"query-input\":{\"@type\":\"PropertyValueSpecification\",\"valueRequired\":true,\"valueName\":\"search_term_string\"}}],\"inLanguage\":\"fr-FR\"},{\"@type\":[\"Organization\",\"Place\",\"Restaurant\"],\"@id\":\"https:\/\/coliseepizzeria.fr\/#organization\",\"name\":\"Le Colis\u00e9e\",\"url\":\"https:\/\/coliseepizzeria.fr\/\",\"logo\":{\"@id\":\"https:\/\/coliseepizzeria.fr\/politique-de-confidentialite\/#local-main-organization-logo\"},\"image\":{\"@id\":\"https:\/\/coliseepizzeria.fr\/politique-de-confidentialite\/#local-main-organization-logo\"},\"sameAs\":[\"https:\/\/www.facebook.com\/coliseepizzeria\",\"https:\/\/www.instagram.com\/colisee_pizzeria_angers\/\",\"https:\/\/fr.restaurantguru.com\/Pizzeria-Le-Colisee-Angers\"],\"description\":\"Colis\u00e9e Pizzeria est un restaurant-pizzeria familial sp\u00e9cialis\u00e9 dans des plats artisanaux pr\u00e9par\u00e9s \u00e0 partir d'ingr\u00e9dients frais et locaux. Nous proposons une vari\u00e9t\u00e9 de pizzas, p\u00e2tes et autres sp\u00e9cialit\u00e9s culinaires, dans une ambiance chaleureuse et conviviale. Chez Colis\u00e9e Pizzeria, nous privil\u00e9gions la qualit\u00e9, la tradition et le plaisir de partager un bon repas.\",\"legalName\":\"LE COLISEE\",\"foundingDate\":\"2016-09-23\",\"naics\":\"5610A\",\"numberOfEmployees\":{\"@type\":\"QuantitativeValue\",\"minValue\":\"1\",\"maxValue\":\"10\"},\"ownershipFundingInfo\":\"https:\/\/coliseepizzeria.fr\/mentions-legales\/\",\"address\":{\"@id\":\"https:\/\/coliseepizzeria.fr\/politique-de-confidentialite\/#local-main-place-address\"},\"geo\":{\"@type\":\"GeoCoordinates\",\"latitude\":\"47.48174783200131\",\"longitude\":\"-0.5672229016094944\"},\"telephone\":[\"02 41 73 98 43\"],\"contactPoint\":{\"@type\":\"ContactPoint\",\"telephone\":\"02 41 73 98 43\",\"email\":\"coliseepizzeria@gmail.com\"},\"openingHoursSpecification\":[{\"@type\":\"OpeningHoursSpecification\",\"dayOfWeek\":[\"Monday\",\"Sunday\"],\"opens\":\"00:00\",\"closes\":\"00:00\"},{\"@type\":\"OpeningHoursSpecification\",\"dayOfWeek\":[\"Tuesday\",\"Wednesday\",\"Thursday\",\"Friday\",\"Saturday\"],\"opens\":\"12:00\",\"closes\":\"22:00\"}],\"email\":\"coliseepizzeria@gmail.com\",\"areaServed\":\"Angers et ses environs, \u00e0 proximit\u00e9 de Terra Botanica.\",\"vatID\":\"FR48822714242\",\"taxID\":\"82271424200010\",\"priceRange\":\"$$\",\"currenciesAccepted\":\"EUR\",\"paymentAccepted\":\"Esp\u00e8ces, Cartes bancaires, Paiement sans contact\"},{\"@type\":\"PostalAddress\",\"@id\":\"https:\/\/coliseepizzeria.fr\/politique-de-confidentialite\/#local-main-place-address\",\"streetAddress\":\"26 rue du Champs de Bataille 49100 Angers, France\",\"addressLocality\":\"Angers\",\"postalCode\":\"49100\",\"addressCountry\":\"FR\"},{\"@type\":\"ImageObject\",\"inLanguage\":\"fr-FR\",\"@id\":\"https:\/\/coliseepizzeria.fr\/politique-de-confidentialite\/#local-main-organization-logo\",\"url\":\"\",\"contentUrl\":\"\",\"caption\":\"Le Colis\u00e9e\"}]}<\/script>\n<meta name=\"geo.placename\" content=\"Angers\" \/>\n<meta name=\"geo.position\" content=\"47.48174783200131;-0.5672229016094944\" \/>\n<meta name=\"geo.region\" content=\"France\" \/>\n<!-- \/ Yoast SEO Premium plugin. -->","yoast_head_json":{"title":"Politique de confidentialit\u00e9 - Pizzeria &amp; Restaurant | Le Colis\u00e9e | Angers","description":"D\u00e9couvrez les d\u00e9licieuses pizzas artisanales de Colis\u00e9e Pizzeria, pr\u00e9par\u00e9es avec des ingr\u00e9dients frais dans une ambiance conviviale et familiale. R\u00e9servez votre table d\u00e8s aujourd'hui et partagez un moment chaleureux autour de nos plats savoureux !","robots":{"index":"index","follow":"follow","max-snippet":"max-snippet:-1","max-image-preview":"max-image-preview:large","max-video-preview":"max-video-preview:-1"},"canonical":"https:\/\/coliseepizzeria.fr\/en\/politique-de-confidentialite\/","og_locale":"en_US","og_type":"article","og_title":"Pizzeria &amp; Restaurant | Le Colis\u00e9e | Angers","og_description":"Pizzeria \u00e0 Angers pr\u00e8s de Terra Botanica, ouverte toute la semaine sauf dimanche. Savourez nos pizzas sur place ou \u00e0 emporter : lundi 18h-22h, mardi \u00e0 vendredi 12h-14h et 18h-22h.","og_url":"https:\/\/coliseepizzeria.fr\/en\/politique-de-confidentialite\/","og_site_name":"Pizzeria &amp; Restaurant | Le Colis\u00e9e | Angers","article_publisher":"https:\/\/www.facebook.com\/coliseepizzeria","article_modified_time":"2026-03-29T12:06:13+00:00","og_image":[{"width":2560,"height":1920,"url":"https:\/\/coliseepizzeria.fr\/wp-content\/uploads\/2026\/03\/italienne-scaled.webp","type":"image\/webp"}],"twitter_card":"summary_large_image","twitter_misc":{"Dur\u00e9e de lecture estim\u00e9e":"2 minutes"},"schema":{"@context":"https:\/\/schema.org","@graph":[{"@type":"WebPage","@id":"https:\/\/coliseepizzeria.fr\/politique-de-confidentialite\/","url":"https:\/\/coliseepizzeria.fr\/politique-de-confidentialite\/","name":"Politique de confidentialit\u00e9 - Pizzeria &amp; Restaurant | Le Colis\u00e9e | Angers","isPartOf":{"@id":"https:\/\/coliseepizzeria.fr\/#website"},"datePublished":"2025-01-15T23:10:40+00:00","dateModified":"2026-03-29T12:06:13+00:00","description":"D\u00e9couvrez les d\u00e9licieuses pizzas artisanales de Colis\u00e9e Pizzeria, pr\u00e9par\u00e9es avec des ingr\u00e9dients frais dans une ambiance conviviale et familiale. R\u00e9servez votre table d\u00e8s aujourd'hui et partagez un moment chaleureux autour de nos plats savoureux !","breadcrumb":{"@id":"https:\/\/coliseepizzeria.fr\/politique-de-confidentialite\/#breadcrumb"},"inLanguage":"fr-FR","potentialAction":[{"@type":"ReadAction","target":["https:\/\/coliseepizzeria.fr\/politique-de-confidentialite\/"]}]},{"@type":"BreadcrumbList","@id":"https:\/\/coliseepizzeria.fr\/politique-de-confidentialite\/#breadcrumb","itemListElement":[{"@type":"ListItem","position":1,"name":"Accueil","item":"https:\/\/coliseepizzeria.fr\/"},{"@type":"ListItem","position":2,"name":"Politique de confidentialit\u00e9"}]},{"@type":"WebSite","@id":"https:\/\/coliseepizzeria.fr\/#website","url":"https:\/\/coliseepizzeria.fr\/","name":"Pizzeria & Restaurant | Le Colis\u00e9e | Angers","description":"D\u00e9couvrez notre pizzeria artisanale : des ingr\u00e9dients frais, des saveurs authentiques et une ambiance conviviale pour des moments gourmands en famille ou entre amis !","publisher":{"@id":"https:\/\/coliseepizzeria.fr\/#organization"},"alternateName":"Le Colis\u00e9e","potentialAction":[{"@type":"SearchAction","target":{"@type":"EntryPoint","urlTemplate":"https:\/\/coliseepizzeria.fr\/?s={search_term_string}"},"query-input":{"@type":"PropertyValueSpecification","valueRequired":true,"valueName":"search_term_string"}}],"inLanguage":"fr-FR"},{"@type":["Organization","Place","Restaurant"],"@id":"https:\/\/coliseepizzeria.fr\/#organization","name":"Le Colis\u00e9e","url":"https:\/\/coliseepizzeria.fr\/","logo":{"@id":"https:\/\/coliseepizzeria.fr\/politique-de-confidentialite\/#local-main-organization-logo"},"image":{"@id":"https:\/\/coliseepizzeria.fr\/politique-de-confidentialite\/#local-main-organization-logo"},"sameAs":["https:\/\/www.facebook.com\/coliseepizzeria","https:\/\/www.instagram.com\/colisee_pizzeria_angers\/","https:\/\/fr.restaurantguru.com\/Pizzeria-Le-Colisee-Angers"],"description":"Colis\u00e9e Pizzeria est un restaurant-pizzeria familial sp\u00e9cialis\u00e9 dans des plats artisanaux pr\u00e9par\u00e9s \u00e0 partir d'ingr\u00e9dients frais et locaux. Nous proposons une vari\u00e9t\u00e9 de pizzas, p\u00e2tes et autres sp\u00e9cialit\u00e9s culinaires, dans une ambiance chaleureuse et conviviale. Chez Colis\u00e9e Pizzeria, nous privil\u00e9gions la qualit\u00e9, la tradition et le plaisir de partager un bon repas.","legalName":"LE COLISEE","foundingDate":"2016-09-23","naics":"5610A","numberOfEmployees":{"@type":"QuantitativeValue","minValue":"1","maxValue":"10"},"ownershipFundingInfo":"https:\/\/coliseepizzeria.fr\/mentions-legales\/","address":{"@id":"https:\/\/coliseepizzeria.fr\/politique-de-confidentialite\/#local-main-place-address"},"geo":{"@type":"GeoCoordinates","latitude":"47.48174783200131","longitude":"-0.5672229016094944"},"telephone":["02 41 73 98 43"],"contactPoint":{"@type":"ContactPoint","telephone":"02 41 73 98 43","email":"coliseepizzeria@gmail.com"},"openingHoursSpecification":[{"@type":"OpeningHoursSpecification","dayOfWeek":["Monday","Sunday"],"opens":"00:00","closes":"00:00"},{"@type":"OpeningHoursSpecification","dayOfWeek":["Tuesday","Wednesday","Thursday","Friday","Saturday"],"opens":"12:00","closes":"22:00"}],"email":"coliseepizzeria@gmail.com","areaServed":"Angers et ses environs, \u00e0 proximit\u00e9 de Terra Botanica.","vatID":"FR48822714242","taxID":"82271424200010","priceRange":"$$","currenciesAccepted":"EUR","paymentAccepted":"Esp\u00e8ces, Cartes bancaires, Paiement sans contact"},{"@type":"PostalAddress","@id":"https:\/\/coliseepizzeria.fr\/politique-de-confidentialite\/#local-main-place-address","streetAddress":"26 rue du Champs de Bataille 49100 Angers, France","addressLocality":"Angers","postalCode":"49100","addressCountry":"FR"},{"@type":"ImageObject","inLanguage":"fr-FR","@id":"https:\/\/coliseepizzeria.fr\/politique-de-confidentialite\/#local-main-organization-logo","url":"","contentUrl":"","caption":"Le Colis\u00e9e"}]},"geo.placename":"Angers","geo.position":{"lat":"47.48174783200131","long":"-0.5672229016094944"},"geo.region":"France"},"_links":{"self":[{"href":"https:\/\/coliseepizzeria.fr\/en\/wp-json\/wp\/v2\/pages\/3867","targetHints":{"allow":["GET"]}}],"collection":[{"href":"https:\/\/coliseepizzeria.fr\/en\/wp-json\/wp\/v2\/pages"}],"about":[{"href":"https:\/\/coliseepizzeria.fr\/en\/wp-json\/wp\/v2\/types\/page"}],"author":[{"embeddable":true,"href":"https:\/\/coliseepizzeria.fr\/en\/wp-json\/wp\/v2\/users\/1"}],"replies":[{"embeddable":true,"href":"https:\/\/coliseepizzeria.fr\/en\/wp-json\/wp\/v2\/comments?post=3867"}],"version-history":[{"count":3,"href":"https:\/\/coliseepizzeria.fr\/en\/wp-json\/wp\/v2\/pages\/3867\/revisions"}],"predecessor-version":[{"id":5105,"href":"https:\/\/coliseepizzeria.fr\/en\/wp-json\/wp\/v2\/pages\/3867\/revisions\/5105"}],"wp:attachment":[{"href":"https:\/\/coliseepizzeria.fr\/en\/wp-json\/wp\/v2\/media?parent=3867"}],"curies":[{"name":"wp","href":"https:\/\/api.w.org\/{rel}","templated":true}]}}