{"id":3858,"date":"2025-01-15T22:50:14","date_gmt":"2025-01-15T20:50:14","guid":{"rendered":"https:\/\/coliseepizzeria.fr\/?page_id=3858"},"modified":"2026-03-26T09:33:55","modified_gmt":"2026-03-26T08:33:55","slug":"linktree","status":"publish","type":"page","link":"https:\/\/coliseepizzeria.fr\/en\/linktree\/","title":{"rendered":"Linktree"},"content":{"rendered":"","protected":false},"excerpt":{"rendered":"","protected":false},"author":1,"featured_media":0,"parent":0,"menu_order":0,"comment_status":"closed","ping_status":"closed","template":"linktree","meta":{"footnotes":""},"class_list":["post-3858","page","type-page","status-publish","hentry"],"yoast_head":"<!-- This site is optimized with the Yoast SEO Premium plugin v24.2 (Yoast SEO v27.2) - https:\/\/yoast.com\/product\/yoast-seo-premium-wordpress\/ -->\n<title>Linktree - Pizzeria &amp; Restaurant | Le Colis\u00e9e | Angers<\/title>\n<meta name=\"description\" content=\"D\u00e9couvrez les d\u00e9licieuses pizzas artisanales de Colis\u00e9e Pizzeria, pr\u00e9par\u00e9es avec des ingr\u00e9dients frais dans une ambiance conviviale et familiale. R\u00e9servez votre table d\u00e8s aujourd&#039;hui et partagez un moment chaleureux autour de nos plats savoureux !\" \/>\n<meta name=\"robots\" content=\"noindex, follow\" \/>\n<meta property=\"og:locale\" content=\"en_US\" \/>\n<meta property=\"og:type\" content=\"article\" \/>\n<meta property=\"og:title\" content=\"Pizzeria &amp; Restaurant | Le Colis\u00e9e | Angers\" \/>\n<meta property=\"og:description\" content=\"Pizzeria \u00e0 Angers pr\u00e8s de Terra Botanica, ouverte toute la semaine sauf dimanche. Savourez nos pizzas sur place ou \u00e0 emporter : lundi 18h-22h, mardi \u00e0 vendredi 12h-14h et 18h-22h.\" \/>\n<meta property=\"og:url\" content=\"https:\/\/coliseepizzeria.fr\/en\/linktree\/\" \/>\n<meta property=\"og:site_name\" content=\"Pizzeria &amp; Restaurant | Le Colis\u00e9e | Angers\" \/>\n<meta property=\"article:publisher\" content=\"https:\/\/www.facebook.com\/coliseepizzeria\" \/>\n<meta property=\"article:modified_time\" content=\"2026-03-26T08:33:55+00:00\" \/>\n<meta property=\"og:image\" content=\"https:\/\/coliseepizzeria.fr\/wp-content\/uploads\/2026\/03\/italienne-scaled.webp\" \/>\n\t<meta property=\"og:image:width\" content=\"2560\" \/>\n\t<meta property=\"og:image:height\" content=\"1920\" \/>\n\t<meta property=\"og:image:type\" content=\"image\/webp\" \/>\n<meta name=\"twitter:card\" content=\"summary_large_image\" \/>\n<script type=\"application\/ld+json\" class=\"yoast-schema-graph\">{\"@context\":\"https:\/\/schema.org\",\"@graph\":[{\"@type\":\"WebPage\",\"@id\":\"https:\/\/coliseepizzeria.fr\/linktree\/\",\"url\":\"https:\/\/coliseepizzeria.fr\/linktree\/\",\"name\":\"Linktree - Pizzeria &amp; Restaurant | Le Colis\u00e9e | Angers\",\"isPartOf\":{\"@id\":\"https:\/\/coliseepizzeria.fr\/#website\"},\"datePublished\":\"2025-01-15T20:50:14+00:00\",\"dateModified\":\"2026-03-26T08:33:55+00:00\",\"description\":\"D\u00e9couvrez les d\u00e9licieuses pizzas artisanales de Colis\u00e9e Pizzeria, pr\u00e9par\u00e9es avec des ingr\u00e9dients frais dans une ambiance conviviale et familiale. R\u00e9servez votre table d\u00e8s aujourd'hui et partagez un moment chaleureux autour de nos plats savoureux !\",\"breadcrumb\":{\"@id\":\"https:\/\/coliseepizzeria.fr\/linktree\/#breadcrumb\"},\"inLanguage\":\"fr-FR\",\"potentialAction\":[{\"@type\":\"ReadAction\",\"target\":[\"https:\/\/coliseepizzeria.fr\/linktree\/\"]}]},{\"@type\":\"BreadcrumbList\",\"@id\":\"https:\/\/coliseepizzeria.fr\/linktree\/#breadcrumb\",\"itemListElement\":[{\"@type\":\"ListItem\",\"position\":1,\"name\":\"Accueil\",\"item\":\"https:\/\/coliseepizzeria.fr\/\"},{\"@type\":\"ListItem\",\"position\":2,\"name\":\"Linktree\"}]},{\"@type\":\"WebSite\",\"@id\":\"https:\/\/coliseepizzeria.fr\/#website\",\"url\":\"https:\/\/coliseepizzeria.fr\/\",\"name\":\"Pizzeria & Restaurant | Le Colis\u00e9e | Angers\",\"description\":\"D\u00e9couvrez notre pizzeria artisanale : des ingr\u00e9dients frais, des saveurs authentiques et une ambiance conviviale pour des moments gourmands en famille ou entre amis !\",\"publisher\":{\"@id\":\"https:\/\/coliseepizzeria.fr\/#organization\"},\"alternateName\":\"Le Colis\u00e9e\",\"potentialAction\":[{\"@type\":\"SearchAction\",\"target\":{\"@type\":\"EntryPoint\",\"urlTemplate\":\"https:\/\/coliseepizzeria.fr\/?s={search_term_string}\"},\"query-input\":{\"@type\":\"PropertyValueSpecification\",\"valueRequired\":true,\"valueName\":\"search_term_string\"}}],\"inLanguage\":\"fr-FR\"},{\"@type\":[\"Organization\",\"Place\",\"Restaurant\"],\"@id\":\"https:\/\/coliseepizzeria.fr\/#organization\",\"name\":\"Le Colis\u00e9e\",\"url\":\"https:\/\/coliseepizzeria.fr\/\",\"logo\":{\"@id\":\"https:\/\/coliseepizzeria.fr\/linktree\/#local-main-organization-logo\"},\"image\":{\"@id\":\"https:\/\/coliseepizzeria.fr\/linktree\/#local-main-organization-logo\"},\"sameAs\":[\"https:\/\/www.facebook.com\/coliseepizzeria\",\"https:\/\/www.instagram.com\/colisee_pizzeria_angers\/\",\"https:\/\/fr.restaurantguru.com\/Pizzeria-Le-Colisee-Angers\"],\"description\":\"Colis\u00e9e Pizzeria est un restaurant-pizzeria familial sp\u00e9cialis\u00e9 dans des plats artisanaux pr\u00e9par\u00e9s \u00e0 partir d'ingr\u00e9dients frais et locaux. Nous proposons une vari\u00e9t\u00e9 de pizzas, p\u00e2tes et autres sp\u00e9cialit\u00e9s culinaires, dans une ambiance chaleureuse et conviviale. Chez Colis\u00e9e Pizzeria, nous privil\u00e9gions la qualit\u00e9, la tradition et le plaisir de partager un bon repas.\",\"legalName\":\"LE COLISEE\",\"foundingDate\":\"2016-09-23\",\"naics\":\"5610A\",\"numberOfEmployees\":{\"@type\":\"QuantitativeValue\",\"minValue\":\"1\",\"maxValue\":\"10\"},\"ownershipFundingInfo\":\"https:\/\/coliseepizzeria.fr\/mentions-legales\/\",\"address\":{\"@id\":\"https:\/\/coliseepizzeria.fr\/linktree\/#local-main-place-address\"},\"geo\":{\"@type\":\"GeoCoordinates\",\"latitude\":\"47.48174783200131\",\"longitude\":\"-0.5672229016094944\"},\"telephone\":[\"02 41 73 98 43\"],\"contactPoint\":{\"@type\":\"ContactPoint\",\"telephone\":\"02 41 73 98 43\",\"email\":\"coliseepizzeria@gmail.com\"},\"openingHoursSpecification\":[{\"@type\":\"OpeningHoursSpecification\",\"dayOfWeek\":[\"Monday\",\"Sunday\"],\"opens\":\"00:00\",\"closes\":\"00:00\"},{\"@type\":\"OpeningHoursSpecification\",\"dayOfWeek\":[\"Tuesday\",\"Wednesday\",\"Thursday\",\"Friday\",\"Saturday\"],\"opens\":\"12:00\",\"closes\":\"22:00\"}],\"email\":\"coliseepizzeria@gmail.com\",\"areaServed\":\"Angers et ses environs, \u00e0 proximit\u00e9 de Terra Botanica.\",\"vatID\":\"FR48822714242\",\"taxID\":\"82271424200010\",\"priceRange\":\"$$\",\"currenciesAccepted\":\"EUR\",\"paymentAccepted\":\"Esp\u00e8ces, Cartes bancaires, Paiement sans contact\"},{\"@type\":\"PostalAddress\",\"@id\":\"https:\/\/coliseepizzeria.fr\/linktree\/#local-main-place-address\",\"streetAddress\":\"26 rue du Champs de Bataille 49100 Angers, France\",\"addressLocality\":\"Angers\",\"postalCode\":\"49100\",\"addressCountry\":\"FR\"},{\"@type\":\"ImageObject\",\"inLanguage\":\"fr-FR\",\"@id\":\"https:\/\/coliseepizzeria.fr\/linktree\/#local-main-organization-logo\",\"url\":\"\",\"contentUrl\":\"\",\"caption\":\"Le Colis\u00e9e\"}]}<\/script>\n<meta name=\"geo.placename\" content=\"Angers\" \/>\n<meta name=\"geo.position\" content=\"47.48174783200131;-0.5672229016094944\" \/>\n<meta name=\"geo.region\" content=\"France\" \/>\n<!-- \/ Yoast SEO Premium plugin. -->","yoast_head_json":{"title":"Linktree - Pizzeria &amp; Restaurant | Le Colis\u00e9e | Angers","description":"D\u00e9couvrez les d\u00e9licieuses pizzas artisanales de Colis\u00e9e Pizzeria, pr\u00e9par\u00e9es avec des ingr\u00e9dients frais dans une ambiance conviviale et familiale. R\u00e9servez votre table d\u00e8s aujourd'hui et partagez un moment chaleureux autour de nos plats savoureux !","robots":{"index":"noindex","follow":"follow"},"og_locale":"en_US","og_type":"article","og_title":"Pizzeria &amp; Restaurant | Le Colis\u00e9e | Angers","og_description":"Pizzeria \u00e0 Angers pr\u00e8s de Terra Botanica, ouverte toute la semaine sauf dimanche. Savourez nos pizzas sur place ou \u00e0 emporter : lundi 18h-22h, mardi \u00e0 vendredi 12h-14h et 18h-22h.","og_url":"https:\/\/coliseepizzeria.fr\/en\/linktree\/","og_site_name":"Pizzeria &amp; Restaurant | Le Colis\u00e9e | Angers","article_publisher":"https:\/\/www.facebook.com\/coliseepizzeria","article_modified_time":"2026-03-26T08:33:55+00:00","og_image":[{"width":2560,"height":1920,"url":"https:\/\/coliseepizzeria.fr\/wp-content\/uploads\/2026\/03\/italienne-scaled.webp","type":"image\/webp"}],"twitter_card":"summary_large_image","schema":{"@context":"https:\/\/schema.org","@graph":[{"@type":"WebPage","@id":"https:\/\/coliseepizzeria.fr\/linktree\/","url":"https:\/\/coliseepizzeria.fr\/linktree\/","name":"Linktree - Pizzeria &amp; Restaurant | Le Colis\u00e9e | Angers","isPartOf":{"@id":"https:\/\/coliseepizzeria.fr\/#website"},"datePublished":"2025-01-15T20:50:14+00:00","dateModified":"2026-03-26T08:33:55+00:00","description":"D\u00e9couvrez les d\u00e9licieuses pizzas artisanales de Colis\u00e9e Pizzeria, pr\u00e9par\u00e9es avec des ingr\u00e9dients frais dans une ambiance conviviale et familiale. R\u00e9servez votre table d\u00e8s aujourd'hui et partagez un moment chaleureux autour de nos plats savoureux !","breadcrumb":{"@id":"https:\/\/coliseepizzeria.fr\/linktree\/#breadcrumb"},"inLanguage":"fr-FR","potentialAction":[{"@type":"ReadAction","target":["https:\/\/coliseepizzeria.fr\/linktree\/"]}]},{"@type":"BreadcrumbList","@id":"https:\/\/coliseepizzeria.fr\/linktree\/#breadcrumb","itemListElement":[{"@type":"ListItem","position":1,"name":"Accueil","item":"https:\/\/coliseepizzeria.fr\/"},{"@type":"ListItem","position":2,"name":"Linktree"}]},{"@type":"WebSite","@id":"https:\/\/coliseepizzeria.fr\/#website","url":"https:\/\/coliseepizzeria.fr\/","name":"Pizzeria & Restaurant | Le Colis\u00e9e | Angers","description":"D\u00e9couvrez notre pizzeria artisanale : des ingr\u00e9dients frais, des saveurs authentiques et une ambiance conviviale pour des moments gourmands en famille ou entre amis !","publisher":{"@id":"https:\/\/coliseepizzeria.fr\/#organization"},"alternateName":"Le Colis\u00e9e","potentialAction":[{"@type":"SearchAction","target":{"@type":"EntryPoint","urlTemplate":"https:\/\/coliseepizzeria.fr\/?s={search_term_string}"},"query-input":{"@type":"PropertyValueSpecification","valueRequired":true,"valueName":"search_term_string"}}],"inLanguage":"fr-FR"},{"@type":["Organization","Place","Restaurant"],"@id":"https:\/\/coliseepizzeria.fr\/#organization","name":"Le Colis\u00e9e","url":"https:\/\/coliseepizzeria.fr\/","logo":{"@id":"https:\/\/coliseepizzeria.fr\/linktree\/#local-main-organization-logo"},"image":{"@id":"https:\/\/coliseepizzeria.fr\/linktree\/#local-main-organization-logo"},"sameAs":["https:\/\/www.facebook.com\/coliseepizzeria","https:\/\/www.instagram.com\/colisee_pizzeria_angers\/","https:\/\/fr.restaurantguru.com\/Pizzeria-Le-Colisee-Angers"],"description":"Colis\u00e9e Pizzeria est un restaurant-pizzeria familial sp\u00e9cialis\u00e9 dans des plats artisanaux pr\u00e9par\u00e9s \u00e0 partir d'ingr\u00e9dients frais et locaux. Nous proposons une vari\u00e9t\u00e9 de pizzas, p\u00e2tes et autres sp\u00e9cialit\u00e9s culinaires, dans une ambiance chaleureuse et conviviale. Chez Colis\u00e9e Pizzeria, nous privil\u00e9gions la qualit\u00e9, la tradition et le plaisir de partager un bon repas.","legalName":"LE COLISEE","foundingDate":"2016-09-23","naics":"5610A","numberOfEmployees":{"@type":"QuantitativeValue","minValue":"1","maxValue":"10"},"ownershipFundingInfo":"https:\/\/coliseepizzeria.fr\/mentions-legales\/","address":{"@id":"https:\/\/coliseepizzeria.fr\/linktree\/#local-main-place-address"},"geo":{"@type":"GeoCoordinates","latitude":"47.48174783200131","longitude":"-0.5672229016094944"},"telephone":["02 41 73 98 43"],"contactPoint":{"@type":"ContactPoint","telephone":"02 41 73 98 43","email":"coliseepizzeria@gmail.com"},"openingHoursSpecification":[{"@type":"OpeningHoursSpecification","dayOfWeek":["Monday","Sunday"],"opens":"00:00","closes":"00:00"},{"@type":"OpeningHoursSpecification","dayOfWeek":["Tuesday","Wednesday","Thursday","Friday","Saturday"],"opens":"12:00","closes":"22:00"}],"email":"coliseepizzeria@gmail.com","areaServed":"Angers et ses environs, \u00e0 proximit\u00e9 de Terra Botanica.","vatID":"FR48822714242","taxID":"82271424200010","priceRange":"$$","currenciesAccepted":"EUR","paymentAccepted":"Esp\u00e8ces, Cartes bancaires, Paiement sans contact"},{"@type":"PostalAddress","@id":"https:\/\/coliseepizzeria.fr\/linktree\/#local-main-place-address","streetAddress":"26 rue du Champs de Bataille 49100 Angers, France","addressLocality":"Angers","postalCode":"49100","addressCountry":"FR"},{"@type":"ImageObject","inLanguage":"fr-FR","@id":"https:\/\/coliseepizzeria.fr\/linktree\/#local-main-organization-logo","url":"","contentUrl":"","caption":"Le Colis\u00e9e"}]},"geo.placename":"Angers","geo.position":{"lat":"47.48174783200131","long":"-0.5672229016094944"},"geo.region":"France"},"_links":{"self":[{"href":"https:\/\/coliseepizzeria.fr\/en\/wp-json\/wp\/v2\/pages\/3858","targetHints":{"allow":["GET"]}}],"collection":[{"href":"https:\/\/coliseepizzeria.fr\/en\/wp-json\/wp\/v2\/pages"}],"about":[{"href":"https:\/\/coliseepizzeria.fr\/en\/wp-json\/wp\/v2\/types\/page"}],"author":[{"embeddable":true,"href":"https:\/\/coliseepizzeria.fr\/en\/wp-json\/wp\/v2\/users\/1"}],"replies":[{"embeddable":true,"href":"https:\/\/coliseepizzeria.fr\/en\/wp-json\/wp\/v2\/comments?post=3858"}],"version-history":[{"count":4,"href":"https:\/\/coliseepizzeria.fr\/en\/wp-json\/wp\/v2\/pages\/3858\/revisions"}],"predecessor-version":[{"id":5024,"href":"https:\/\/coliseepizzeria.fr\/en\/wp-json\/wp\/v2\/pages\/3858\/revisions\/5024"}],"wp:attachment":[{"href":"https:\/\/coliseepizzeria.fr\/en\/wp-json\/wp\/v2\/media?parent=3858"}],"curies":[{"name":"wp","href":"https:\/\/api.w.org\/{rel}","templated":true}]}}