{"id":2647,"date":"2023-06-07T17:49:22","date_gmt":"2023-06-07T15:49:22","guid":{"rendered":"https:\/\/coliseepizzeria.fr\/?page_id=2647"},"modified":"2026-03-29T09:36:33","modified_gmt":"2026-03-29T08:36:33","slug":"reservation-table","status":"publish","type":"page","link":"https:\/\/coliseepizzeria.fr\/en\/reservation-table\/","title":{"rendered":"Table Reservation"},"content":{"rendered":"<div class=\"wp-block-group alignwide has-global-padding is-layout-constrained wp-container-core-group-is-layout-52009084 wp-block-group-is-layout-constrained\" style=\"padding-top:var(--wp--preset--spacing--40);padding-right:var(--wp--preset--spacing--40);padding-bottom:var(--wp--preset--spacing--40);padding-left:var(--wp--preset--spacing--40)\">\n<div class=\"wp-block-group no-display-desktop has-global-padding is-layout-constrained wp-block-group-is-layout-constrained\">\n<h2 class=\"wp-block-heading\" id=\"h-vous-voulez-reserver-une-table\">Would you like to reserve a table?<\/h2>\n\n\n\n<p>You are in the right place<\/p>\n\n\n\n<figure class=\"wp-block-image size-large\"><img decoding=\"async\" src=\"http:\/\/localhost:8888\/wp-content\/uploads\/2026\/03\/La-salle-n-2-1024x768.webp\" alt=\"\" class=\"wp-image-180\"\/><\/figure>\n<\/div>\n\n\n\n<div class=\"wp-block-columns alignwide is-layout-flex wp-container-core-columns-is-layout-aabc58c9 wp-block-columns-is-layout-flex\" style=\"padding-top:var(--wp--preset--spacing--50);padding-bottom:var(--wp--preset--spacing--50)\">\n<div class=\"wp-block-column text-size is-layout-flow wp-block-column-is-layout-flow\">\n\t<script type=\"text\/javascript\">\n        var ajaxurl = 'https:\/\/coliseepizzeria.fr\/wp-admin\/admin-ajax.php';\n    <\/script>\n\n    <style><\/style>\n    \n<div class=\"rtb-booking-form\">\n\t\n\t\t\t<div class=\"rtb-modification-toggle\">\n\t\t\tView\/Cancel a reservation\t\t<\/div>\n\t\t<div class=\"rtb-clear\"><\/div>\n\t\t<form class=\"rtb-modification-form rtb-hidden\" action=\"\">\n\t\t\t<div>\n\t\t\t\tUse the form below to modify your reservation\t\t\t<\/div>\n\t\t\t<label for=\"rtb_modification_email\">\n\t\t\t\tEmail:\t\t\t\t<input type=\"email\" name=\"rtb_modification_email\">\n\t\t\t<\/label>\n\t\t\t\t\t\t\t<label for=\"rtb_modification_code\">\n\t\t\t\t\tModification Code:\t\t\t\t\t<input type=\"text\" name=\"rtb_modification_code\">\n\t\t\t\t<\/label>\n\t\t\t\t\t\t<div class=\"rtb-find-reservation-button-div\">\n\t\t\t\t<div class=\"rtb-find-reservation-button\">\n\t\t\t\t\tFind reservations\t\t\t\t<\/div>\n\t\t\t<\/div>\n\t\t\t<div class=\"rtb-bookings-results\"><\/div>\n\t\t<input type=\"hidden\" name=\"trp-form-language\" value=\"en\"\/><\/form>\n\t\n\t\n\t\n\t<form method=\"POST\" action=\"https:\/\/coliseepizzeria.fr\/en\/reservation-table\/\" class=\"rtb-booking-form-form\" data-trp-original-action=\"https:\/\/coliseepizzeria.fr\/en\/reservation-table\/\">\n\t\t<input type=\"hidden\" name=\"action\" value=\"booking_request\">\n\n\t\t\n\t\t\n\t\t\n\t\t\t\t<fieldset class=\"reservation\">\n\n\t\t\t\t\t\t<legend >\n\t\t\t\tReserve a table\t\t\t<\/legend>\n\t\t\t\n\t\t\t\n\t<div class=\"rtb-text date\">\n\t\t\t\t<label for=\"rtb-date\">\n\t\t\tDate\t\t<\/label>\n\t\t<input type=\"text\" name=\"rtb-date\" id=\"rtb-date\" value=\"\" required aria-required=\"true\">\n\t<\/div>\n\n\t\n\t<div class=\"rtb-text time\">\n\t\t\t\t<label for=\"rtb-time\">\n\t\t\tTime\t\t<\/label>\n\t\t<input type=\"text\" name=\"rtb-time\" id=\"rtb-time\" value=\"\" required aria-required=\"true\">\n\t<\/div>\n\n\t\n\t<div class=\"rtb-select party\">\n\t\t\t\t<label for=\"rtb-party\">\n\t\t\tNumber of people\t\t<\/label>\n\t\t<select name=\"rtb-party\" id=\"rtb-party\" required aria-required=\"true\"  data-selected=\"\">\n\t\t\t\t\t\t\t\t\t<option value=\"0\" ><\/option>\n\t\t\t\t\t\t<option value=\"1\" >1<\/option>\n\t\t\t\t\t\t<option value=\"2\" >2<\/option>\n\t\t\t\t\t\t<option value=\"3\" >3<\/option>\n\t\t\t\t\t\t<option value=\"4\" >4<\/option>\n\t\t\t\t\t\t<option value=\"5\" >5<\/option>\n\t\t\t\t\t\t<option value=\"6\" >6<\/option>\n\t\t\t\t\t\t<option value=\"7\" >7<\/option>\n\t\t\t\t\t\t<option value=\"8\" >8<\/option>\n\t\t\t\t\t\t<option value=\"9\" >9<\/option>\n\t\t\t\t\t\t<option value=\"10\" >10<\/option>\n\t\t\t\t\t\t<option value=\"11\" >11<\/option>\n\t\t\t\t\t\t<option value=\"12\" >12<\/option>\n\t\t\t\t\t\t<option value=\"13\" >13<\/option>\n\t\t\t\t\t\t<option value=\"14\" >14<\/option>\n\t\t\t\t\t\t<option value=\"15\" >15<\/option>\n\t\t\t\t\t\t<option value=\"16\" >16<\/option>\n\t\t\t\t\t\t<option value=\"17\" >17<\/option>\n\t\t\t\t\t\t<option value=\"18\" >18<\/option>\n\t\t\t\t\t\t<option value=\"19\" >19<\/option>\n\t\t\t\t\t\t<option value=\"20\" >20<\/option>\n\t\t\t\t\t\t<option value=\"21\" >21<\/option>\n\t\t\t\t\t\t<option value=\"22\" >22<\/option>\n\t\t\t\t\t\t<option value=\"23\" >23<\/option>\n\t\t\t\t\t\t<option value=\"24\" >24<\/option>\n\t\t\t\t\t\t<option value=\"25\" >25<\/option>\n\t\t\t\t\t\t<option value=\"26\" >26<\/option>\n\t\t\t\t\t\t<option value=\"27\" >27<\/option>\n\t\t\t\t\t\t<option value=\"28\" >28<\/option>\n\t\t\t\t\t\t<option value=\"29\" >29<\/option>\n\t\t\t\t\t\t<option value=\"30\" >30<\/option>\n\t\t\t\t\t\t<option value=\"31\" >31<\/option>\n\t\t\t\t\t\t<option value=\"32\" >32<\/option>\n\t\t\t\t\t\t<option value=\"33\" >33<\/option>\n\t\t\t\t\t\t<option value=\"34\" >34<\/option>\n\t\t\t\t\t\t<option value=\"35\" >35<\/option>\n\t\t\t\t\t\t<option value=\"36\" >36<\/option>\n\t\t\t\t\t\t<option value=\"37\" >37<\/option>\n\t\t\t\t\t\t<option value=\"38\" >38<\/option>\n\t\t\t\t\t\t<option value=\"39\" >39<\/option>\n\t\t\t\t\t\t<option value=\"40\" >40<\/option>\n\t\t\t\t\t\t<option value=\"41\" >41<\/option>\n\t\t\t\t\t\t<option value=\"42\" >42<\/option>\n\t\t\t\t\t\t<option value=\"43\" >43<\/option>\n\t\t\t\t\t\t<option value=\"44\" >44<\/option>\n\t\t\t\t\t\t<option value=\"45\" >45<\/option>\n\t\t\t\t\t\t<option value=\"46\" >46<\/option>\n\t\t\t\t\t\t<option value=\"47\" >47<\/option>\n\t\t\t\t\t\t<option value=\"48\" >48<\/option>\n\t\t\t\t\t\t<option value=\"49\" >49<\/option>\n\t\t\t\t\t\t<option value=\"50\" >50<\/option>\n\t\t\t\t\t\t<option value=\"51\" >51<\/option>\n\t\t\t\t\t\t<option value=\"52\" >52<\/option>\n\t\t\t\t\t\t<option value=\"53\" >53<\/option>\n\t\t\t\t\t\t<option value=\"54\" >54<\/option>\n\t\t\t\t\t\t<option value=\"55\" >55<\/option>\n\t\t\t\t\t\t<option value=\"56\" >56<\/option>\n\t\t\t\t\t\t<option value=\"57\" >57<\/option>\n\t\t\t\t\t\t<option value=\"58\" >58<\/option>\n\t\t\t\t\t\t<option value=\"59\" >59<\/option>\n\t\t\t\t\t\t<option value=\"60\" >60<\/option>\n\t\t\t\t\t\t<option value=\"61\" >61<\/option>\n\t\t\t\t\t\t<option value=\"62\" >62<\/option>\n\t\t\t\t\t\t<option value=\"63\" >63<\/option>\n\t\t\t\t\t\t<option value=\"64\" >64<\/option>\n\t\t\t\t\t\t<option value=\"65\" >65<\/option>\n\t\t\t\t\t\t<option value=\"66\" >66<\/option>\n\t\t\t\t\t\t<option value=\"67\" >67<\/option>\n\t\t\t\t\t\t<option value=\"68\" >68<\/option>\n\t\t\t\t\t\t<option value=\"69\" >69<\/option>\n\t\t\t\t\t\t<option value=\"70\" >70<\/option>\n\t\t\t\t\t\t<option value=\"71\" >71<\/option>\n\t\t\t\t\t\t<option value=\"72\" >72<\/option>\n\t\t\t\t\t\t<option value=\"73\" >73<\/option>\n\t\t\t\t\t\t<option value=\"74\" >74<\/option>\n\t\t\t\t\t\t<option value=\"75\" >75<\/option>\n\t\t\t\t\t\t<option value=\"76\" >76<\/option>\n\t\t\t\t\t\t<option value=\"77\" >77<\/option>\n\t\t\t\t\t\t<option value=\"78\" >78<\/option>\n\t\t\t\t\t\t<option value=\"79\" >79<\/option>\n\t\t\t\t\t\t<option value=\"80\" >80<\/option>\n\t\t\t\t\t\t<option value=\"81\" >81<\/option>\n\t\t\t\t\t\t<option value=\"82\" >82<\/option>\n\t\t\t\t\t\t<option value=\"83\" >83<\/option>\n\t\t\t\t\t\t<option value=\"84\" >84<\/option>\n\t\t\t\t\t\t<option value=\"85\" >85<\/option>\n\t\t\t\t\t\t<option value=\"86\" >86<\/option>\n\t\t\t\t\t\t<option value=\"87\" >87<\/option>\n\t\t\t\t\t\t<option value=\"88\" >88<\/option>\n\t\t\t\t\t\t<option value=\"89\" >89<\/option>\n\t\t\t\t\t\t<option value=\"90\" >90<\/option>\n\t\t\t\t\t\t<option value=\"91\" >91<\/option>\n\t\t\t\t\t\t<option value=\"92\" >92<\/option>\n\t\t\t\t\t\t<option value=\"93\" >93<\/option>\n\t\t\t\t\t\t<option value=\"94\" >94<\/option>\n\t\t\t\t\t\t<option value=\"95\" >95<\/option>\n\t\t\t\t\t\t<option value=\"96\" >96<\/option>\n\t\t\t\t\t\t<option value=\"97\" >97<\/option>\n\t\t\t\t\t\t<option value=\"98\" >98<\/option>\n\t\t\t\t\t\t<option value=\"99\" >99<\/option>\n\t\t\t\t\t\t<option value=\"100\" >100<\/option>\n\t\t\t\t\t<\/select>\n\t<\/div>\n\n\t\t\t<\/fieldset>\n\t\t\t\t<fieldset class=\"rtb-contact\">\n\n\t\t\t\t\t\t<legend >\n\t\t\t\tContact details\t\t\t<\/legend>\n\t\t\t\n\t\t\t\n\t<div class=\"rtb-text name\">\n\t\t\t\t<label for=\"rtb-name\">\n\t\t\tName\t\t<\/label>\n\t\t<input type=\"text\" name=\"rtb-name\" id=\"rtb-name\" value=\"\" required aria-required=\"true\">\n\t<\/div>\n\n\t\n\t<div class=\"rtb-text email\">\n\t\t\t\t<label for=\"rtb-email\">\n\t\t\tEmail\t\t<\/label>\n\t\t<input type=\"email\" name=\"rtb-email\" id=\"rtb-email\" value=\"\" required aria-required=\"true\">\n\t<\/div>\n\n\t\n\t<div class=\"rtb-text phone\">\n\t\t\t\t<label for=\"rtb-phone\">\n\t\t\tPhone\t\t<\/label>\n\t\t<input type=\"tel\" name=\"rtb-phone\" id=\"rtb-phone\" value=\"\">\n\t<\/div>\n\n\t\n\t<div class=\"add-message\">\n\t\t<a href=\"#\">\n\t\t\tAjouter un message\t\t<\/a>\n\t<\/div>\n\n\t\n\t<div class=\"rtb-textarea message\">\n\t\t\t\t<label for=\"rtb-message\">\n\t\t\tMessage\t\t<\/label>\n\t\t<textarea name=\"rtb-message\" id=\"rtb-message\"><\/textarea>\n\t<\/div>\n\n\t\t\t<\/fieldset>\n\t\t\t\t<fieldset class=\"consent\">\n\n\t\t\t\n\t\t\t\n\t<div class=\"rtb-confirm consent-statement\">\n\t\t\t\t<label for=\"rtb-consent-statement\">\n\t\t\t<input type=\"checkbox\" name=\"rtb-consent-statement\" id=\"rtb-consent-statement\" value=\"1\"  required aria-required=\"true\">\n\t\t\tBy booking a table, you consent to your personal information being used solely for processing your reservation, in accordance with our privacy policy.\t\t<\/label>\n\t<\/div>\n\n\t\t\t<\/fieldset>\n\t\t\n\t\t\n\t\t<fieldset class=\"rtb-form-footer\">\n\t\t\t<div id='rtb_recaptcha'><\/div>\n\t\t\t\n\t\t\t<div class=\"rtb-form-submit\"><button type=\"submit\">Demande de r\u00e9servation<\/button><\/div>\t\t<\/fieldset>\n\n\n\t<input type=\"hidden\" name=\"trp-form-language\" value=\"en\"\/><\/form>\n\n\t\n\t\n\t<\/div>\n\n\t<\/div>\n\n\n\n<div class=\"wp-block-column no-display-mobile is-layout-flow wp-block-column-is-layout-flow\">\n<h2 class=\"wp-block-heading\" id=\"h-vous-voulez-reserver-une-table-0\">Would you like to reserve a table?<\/h2>\n\n\n\n<p style=\"margin-top:var(--wp--preset--spacing--30);margin-bottom:var(--wp--preset--spacing--30)\">You are in the right place<\/p>\n\n\n\n<figure class=\"wp-block-image size-large\"><img loading=\"lazy\" decoding=\"async\" width=\"1024\" height=\"768\" src=\"https:\/\/coliseepizzeria.fr\/wp-content\/uploads\/2023\/06\/La-salle-n-2-1024x768.webp\" alt=\"\" class=\"wp-image-2660\" srcset=\"https:\/\/coliseepizzeria.fr\/wp-content\/uploads\/2023\/06\/La-salle-n-2-1024x768.webp 1024w, https:\/\/coliseepizzeria.fr\/wp-content\/uploads\/2023\/06\/La-salle-n-2-300x225.webp 300w, https:\/\/coliseepizzeria.fr\/wp-content\/uploads\/2023\/06\/La-salle-n-2-768x576.webp 768w, https:\/\/coliseepizzeria.fr\/wp-content\/uploads\/2023\/06\/La-salle-n-2-1536x1152.webp 1536w, https:\/\/coliseepizzeria.fr\/wp-content\/uploads\/2023\/06\/La-salle-n-2.webp 1920w\" sizes=\"auto, (max-width: 1024px) 100vw, 1024px\" \/><\/figure>\n<\/div>\n<\/div>\n<\/div>","protected":false},"excerpt":{"rendered":"<p>Vous voulez r\u00e9server une table ? Vous \u00eates au bon endroit Vous voulez r\u00e9server une table ? Vous \u00eates au bon endroit<\/p>","protected":false},"author":1,"featured_media":0,"parent":0,"menu_order":0,"comment_status":"closed","ping_status":"closed","template":"","meta":{"footnotes":""},"class_list":["post-2647","page","type-page","status-publish","hentry"],"yoast_head":"<!-- This site is optimized with the Yoast SEO Premium plugin v24.2 (Yoast SEO v27.2) - https:\/\/yoast.com\/product\/yoast-seo-premium-wordpress\/ -->\n<title>R\u00e9servation Table - Pizzeria &amp; Restaurant | Le Colis\u00e9e | Angers<\/title>\n<meta name=\"description\" content=\"D\u00e9couvrez les d\u00e9licieuses pizzas artisanales de Colis\u00e9e Pizzeria, pr\u00e9par\u00e9es avec des ingr\u00e9dients frais dans une ambiance conviviale et familiale. R\u00e9servez votre table d\u00e8s aujourd&#039;hui et partagez un moment chaleureux autour de nos plats savoureux !\" \/>\n<meta name=\"robots\" content=\"index, follow, max-snippet:-1, max-image-preview:large, max-video-preview:-1\" \/>\n<link rel=\"canonical\" href=\"https:\/\/coliseepizzeria.fr\/en\/reservation-table\/\" \/>\n<meta property=\"og:locale\" content=\"en_US\" \/>\n<meta property=\"og:type\" content=\"article\" \/>\n<meta property=\"og:title\" content=\"Pizzeria &amp; Restaurant | Le Colis\u00e9e | Angers\" \/>\n<meta property=\"og:description\" content=\"Pizzeria \u00e0 Angers pr\u00e8s de Terra Botanica, ouverte toute la semaine sauf dimanche. Savourez nos pizzas sur place ou \u00e0 emporter : lundi 18h-22h, mardi \u00e0 vendredi 12h-14h et 18h-22h.\" \/>\n<meta property=\"og:url\" content=\"https:\/\/coliseepizzeria.fr\/en\/reservation-table\/\" \/>\n<meta property=\"og:site_name\" content=\"Pizzeria &amp; Restaurant | Le Colis\u00e9e | Angers\" \/>\n<meta property=\"article:publisher\" content=\"https:\/\/www.facebook.com\/coliseepizzeria\" \/>\n<meta property=\"article:modified_time\" content=\"2026-03-29T08:36:33+00:00\" \/>\n<meta name=\"twitter:card\" content=\"summary_large_image\" \/>\n<meta name=\"twitter:label1\" content=\"Dur\u00e9e de lecture estim\u00e9e\" \/>\n\t<meta name=\"twitter:data1\" content=\"1 minute\" \/>\n<script type=\"application\/ld+json\" class=\"yoast-schema-graph\">{\"@context\":\"https:\/\/schema.org\",\"@graph\":[{\"@type\":\"WebPage\",\"@id\":\"https:\/\/coliseepizzeria.fr\/reservation-table\/\",\"url\":\"https:\/\/coliseepizzeria.fr\/reservation-table\/\",\"name\":\"R\u00e9servation Table - Pizzeria &amp; Restaurant | Le Colis\u00e9e | Angers\",\"isPartOf\":{\"@id\":\"https:\/\/coliseepizzeria.fr\/#website\"},\"primaryImageOfPage\":{\"@id\":\"https:\/\/coliseepizzeria.fr\/reservation-table\/#primaryimage\"},\"image\":{\"@id\":\"https:\/\/coliseepizzeria.fr\/reservation-table\/#primaryimage\"},\"thumbnailUrl\":\"http:\/\/localhost:8888\/wp-content\/uploads\/2026\/03\/La-salle-n-2-1024x768.webp\",\"datePublished\":\"2023-06-07T15:49:22+00:00\",\"dateModified\":\"2026-03-29T08:36:33+00:00\",\"description\":\"D\u00e9couvrez les d\u00e9licieuses pizzas artisanales de Colis\u00e9e Pizzeria, pr\u00e9par\u00e9es avec des ingr\u00e9dients frais dans une ambiance conviviale et familiale. R\u00e9servez votre table d\u00e8s aujourd'hui et partagez un moment chaleureux autour de nos plats savoureux !\",\"breadcrumb\":{\"@id\":\"https:\/\/coliseepizzeria.fr\/reservation-table\/#breadcrumb\"},\"inLanguage\":\"fr-FR\",\"potentialAction\":[{\"@type\":\"ReadAction\",\"target\":[\"https:\/\/coliseepizzeria.fr\/reservation-table\/\"]}]},{\"@type\":\"ImageObject\",\"inLanguage\":\"fr-FR\",\"@id\":\"https:\/\/coliseepizzeria.fr\/reservation-table\/#primaryimage\",\"url\":\"http:\/\/localhost:8888\/wp-content\/uploads\/2026\/03\/La-salle-n-2-1024x768.webp\",\"contentUrl\":\"http:\/\/localhost:8888\/wp-content\/uploads\/2026\/03\/La-salle-n-2-1024x768.webp\"},{\"@type\":\"BreadcrumbList\",\"@id\":\"https:\/\/coliseepizzeria.fr\/reservation-table\/#breadcrumb\",\"itemListElement\":[{\"@type\":\"ListItem\",\"position\":1,\"name\":\"Accueil\",\"item\":\"https:\/\/coliseepizzeria.fr\/\"},{\"@type\":\"ListItem\",\"position\":2,\"name\":\"R\u00e9servation Table\"}]},{\"@type\":\"WebSite\",\"@id\":\"https:\/\/coliseepizzeria.fr\/#website\",\"url\":\"https:\/\/coliseepizzeria.fr\/\",\"name\":\"Pizzeria & Restaurant | Le Colis\u00e9e | Angers\",\"description\":\"D\u00e9couvrez notre pizzeria artisanale : des ingr\u00e9dients frais, des saveurs authentiques et une ambiance conviviale pour des moments gourmands en famille ou entre amis !\",\"publisher\":{\"@id\":\"https:\/\/coliseepizzeria.fr\/#organization\"},\"alternateName\":\"Le Colis\u00e9e\",\"potentialAction\":[{\"@type\":\"SearchAction\",\"target\":{\"@type\":\"EntryPoint\",\"urlTemplate\":\"https:\/\/coliseepizzeria.fr\/?s={search_term_string}\"},\"query-input\":{\"@type\":\"PropertyValueSpecification\",\"valueRequired\":true,\"valueName\":\"search_term_string\"}}],\"inLanguage\":\"fr-FR\"},{\"@type\":[\"Organization\",\"Place\",\"Restaurant\"],\"@id\":\"https:\/\/coliseepizzeria.fr\/#organization\",\"name\":\"Le Colis\u00e9e\",\"url\":\"https:\/\/coliseepizzeria.fr\/\",\"logo\":{\"@id\":\"https:\/\/coliseepizzeria.fr\/reservation-table\/#local-main-organization-logo\"},\"image\":{\"@id\":\"https:\/\/coliseepizzeria.fr\/reservation-table\/#local-main-organization-logo\"},\"sameAs\":[\"https:\/\/www.facebook.com\/coliseepizzeria\",\"https:\/\/www.instagram.com\/colisee_pizzeria_angers\/\",\"https:\/\/fr.restaurantguru.com\/Pizzeria-Le-Colisee-Angers\"],\"description\":\"Colis\u00e9e Pizzeria est un restaurant-pizzeria familial sp\u00e9cialis\u00e9 dans des plats artisanaux pr\u00e9par\u00e9s \u00e0 partir d'ingr\u00e9dients frais et locaux. Nous proposons une vari\u00e9t\u00e9 de pizzas, p\u00e2tes et autres sp\u00e9cialit\u00e9s culinaires, dans une ambiance chaleureuse et conviviale. Chez Colis\u00e9e Pizzeria, nous privil\u00e9gions la qualit\u00e9, la tradition et le plaisir de partager un bon repas.\",\"legalName\":\"LE COLISEE\",\"foundingDate\":\"2016-09-23\",\"naics\":\"5610A\",\"numberOfEmployees\":{\"@type\":\"QuantitativeValue\",\"minValue\":\"1\",\"maxValue\":\"10\"},\"ownershipFundingInfo\":\"https:\/\/coliseepizzeria.fr\/mentions-legales\/\",\"address\":{\"@id\":\"https:\/\/coliseepizzeria.fr\/reservation-table\/#local-main-place-address\"},\"geo\":{\"@type\":\"GeoCoordinates\",\"latitude\":\"47.48174783200131\",\"longitude\":\"-0.5672229016094944\"},\"telephone\":[\"02 41 73 98 43\"],\"contactPoint\":{\"@type\":\"ContactPoint\",\"telephone\":\"02 41 73 98 43\",\"email\":\"coliseepizzeria@gmail.com\"},\"openingHoursSpecification\":[{\"@type\":\"OpeningHoursSpecification\",\"dayOfWeek\":[\"Monday\",\"Sunday\"],\"opens\":\"00:00\",\"closes\":\"00:00\"},{\"@type\":\"OpeningHoursSpecification\",\"dayOfWeek\":[\"Tuesday\",\"Wednesday\",\"Thursday\",\"Friday\",\"Saturday\"],\"opens\":\"12:00\",\"closes\":\"22:00\"}],\"email\":\"coliseepizzeria@gmail.com\",\"areaServed\":\"Angers et ses environs, \u00e0 proximit\u00e9 de Terra Botanica.\",\"vatID\":\"FR48822714242\",\"taxID\":\"82271424200010\",\"priceRange\":\"$$\",\"currenciesAccepted\":\"EUR\",\"paymentAccepted\":\"Esp\u00e8ces, Cartes bancaires, Paiement sans contact\"},{\"@type\":\"PostalAddress\",\"@id\":\"https:\/\/coliseepizzeria.fr\/reservation-table\/#local-main-place-address\",\"streetAddress\":\"26 rue du Champs de Bataille 49100 Angers, France\",\"addressLocality\":\"Angers\",\"postalCode\":\"49100\",\"addressCountry\":\"FR\"},{\"@type\":\"ImageObject\",\"inLanguage\":\"fr-FR\",\"@id\":\"https:\/\/coliseepizzeria.fr\/reservation-table\/#local-main-organization-logo\",\"url\":\"\",\"contentUrl\":\"\",\"caption\":\"Le Colis\u00e9e\"}]}<\/script>\n<meta name=\"geo.placename\" content=\"Angers\" \/>\n<meta name=\"geo.position\" content=\"47.48174783200131;-0.5672229016094944\" \/>\n<meta name=\"geo.region\" content=\"France\" \/>\n<!-- \/ Yoast SEO Premium plugin. -->","yoast_head_json":{"title":"R\u00e9servation Table - Pizzeria &amp; Restaurant | Le Colis\u00e9e | Angers","description":"D\u00e9couvrez les d\u00e9licieuses pizzas artisanales de Colis\u00e9e Pizzeria, pr\u00e9par\u00e9es avec des ingr\u00e9dients frais dans une ambiance conviviale et familiale. R\u00e9servez votre table d\u00e8s aujourd'hui et partagez un moment chaleureux autour de nos plats savoureux !","robots":{"index":"index","follow":"follow","max-snippet":"max-snippet:-1","max-image-preview":"max-image-preview:large","max-video-preview":"max-video-preview:-1"},"canonical":"https:\/\/coliseepizzeria.fr\/en\/reservation-table\/","og_locale":"en_US","og_type":"article","og_title":"Pizzeria &amp; Restaurant | Le Colis\u00e9e | Angers","og_description":"Pizzeria \u00e0 Angers pr\u00e8s de Terra Botanica, ouverte toute la semaine sauf dimanche. Savourez nos pizzas sur place ou \u00e0 emporter : lundi 18h-22h, mardi \u00e0 vendredi 12h-14h et 18h-22h.","og_url":"https:\/\/coliseepizzeria.fr\/en\/reservation-table\/","og_site_name":"Pizzeria &amp; Restaurant | Le Colis\u00e9e | Angers","article_publisher":"https:\/\/www.facebook.com\/coliseepizzeria","article_modified_time":"2026-03-29T08:36:33+00:00","twitter_card":"summary_large_image","twitter_misc":{"Dur\u00e9e de lecture estim\u00e9e":"1 minute"},"schema":{"@context":"https:\/\/schema.org","@graph":[{"@type":"WebPage","@id":"https:\/\/coliseepizzeria.fr\/reservation-table\/","url":"https:\/\/coliseepizzeria.fr\/reservation-table\/","name":"R\u00e9servation Table - Pizzeria &amp; Restaurant | Le Colis\u00e9e | Angers","isPartOf":{"@id":"https:\/\/coliseepizzeria.fr\/#website"},"primaryImageOfPage":{"@id":"https:\/\/coliseepizzeria.fr\/reservation-table\/#primaryimage"},"image":{"@id":"https:\/\/coliseepizzeria.fr\/reservation-table\/#primaryimage"},"thumbnailUrl":"http:\/\/localhost:8888\/wp-content\/uploads\/2026\/03\/La-salle-n-2-1024x768.webp","datePublished":"2023-06-07T15:49:22+00:00","dateModified":"2026-03-29T08:36:33+00:00","description":"D\u00e9couvrez les d\u00e9licieuses pizzas artisanales de Colis\u00e9e Pizzeria, pr\u00e9par\u00e9es avec des ingr\u00e9dients frais dans une ambiance conviviale et familiale. R\u00e9servez votre table d\u00e8s aujourd'hui et partagez un moment chaleureux autour de nos plats savoureux !","breadcrumb":{"@id":"https:\/\/coliseepizzeria.fr\/reservation-table\/#breadcrumb"},"inLanguage":"fr-FR","potentialAction":[{"@type":"ReadAction","target":["https:\/\/coliseepizzeria.fr\/reservation-table\/"]}]},{"@type":"ImageObject","inLanguage":"fr-FR","@id":"https:\/\/coliseepizzeria.fr\/reservation-table\/#primaryimage","url":"http:\/\/localhost:8888\/wp-content\/uploads\/2026\/03\/La-salle-n-2-1024x768.webp","contentUrl":"http:\/\/localhost:8888\/wp-content\/uploads\/2026\/03\/La-salle-n-2-1024x768.webp"},{"@type":"BreadcrumbList","@id":"https:\/\/coliseepizzeria.fr\/reservation-table\/#breadcrumb","itemListElement":[{"@type":"ListItem","position":1,"name":"Accueil","item":"https:\/\/coliseepizzeria.fr\/"},{"@type":"ListItem","position":2,"name":"R\u00e9servation Table"}]},{"@type":"WebSite","@id":"https:\/\/coliseepizzeria.fr\/#website","url":"https:\/\/coliseepizzeria.fr\/","name":"Pizzeria & Restaurant | Le Colis\u00e9e | Angers","description":"D\u00e9couvrez notre pizzeria artisanale : des ingr\u00e9dients frais, des saveurs authentiques et une ambiance conviviale pour des moments gourmands en famille ou entre amis !","publisher":{"@id":"https:\/\/coliseepizzeria.fr\/#organization"},"alternateName":"Le Colis\u00e9e","potentialAction":[{"@type":"SearchAction","target":{"@type":"EntryPoint","urlTemplate":"https:\/\/coliseepizzeria.fr\/?s={search_term_string}"},"query-input":{"@type":"PropertyValueSpecification","valueRequired":true,"valueName":"search_term_string"}}],"inLanguage":"fr-FR"},{"@type":["Organization","Place","Restaurant"],"@id":"https:\/\/coliseepizzeria.fr\/#organization","name":"Le Colis\u00e9e","url":"https:\/\/coliseepizzeria.fr\/","logo":{"@id":"https:\/\/coliseepizzeria.fr\/reservation-table\/#local-main-organization-logo"},"image":{"@id":"https:\/\/coliseepizzeria.fr\/reservation-table\/#local-main-organization-logo"},"sameAs":["https:\/\/www.facebook.com\/coliseepizzeria","https:\/\/www.instagram.com\/colisee_pizzeria_angers\/","https:\/\/fr.restaurantguru.com\/Pizzeria-Le-Colisee-Angers"],"description":"Colis\u00e9e Pizzeria est un restaurant-pizzeria familial sp\u00e9cialis\u00e9 dans des plats artisanaux pr\u00e9par\u00e9s \u00e0 partir d'ingr\u00e9dients frais et locaux. Nous proposons une vari\u00e9t\u00e9 de pizzas, p\u00e2tes et autres sp\u00e9cialit\u00e9s culinaires, dans une ambiance chaleureuse et conviviale. Chez Colis\u00e9e Pizzeria, nous privil\u00e9gions la qualit\u00e9, la tradition et le plaisir de partager un bon repas.","legalName":"LE COLISEE","foundingDate":"2016-09-23","naics":"5610A","numberOfEmployees":{"@type":"QuantitativeValue","minValue":"1","maxValue":"10"},"ownershipFundingInfo":"https:\/\/coliseepizzeria.fr\/mentions-legales\/","address":{"@id":"https:\/\/coliseepizzeria.fr\/reservation-table\/#local-main-place-address"},"geo":{"@type":"GeoCoordinates","latitude":"47.48174783200131","longitude":"-0.5672229016094944"},"telephone":["02 41 73 98 43"],"contactPoint":{"@type":"ContactPoint","telephone":"02 41 73 98 43","email":"coliseepizzeria@gmail.com"},"openingHoursSpecification":[{"@type":"OpeningHoursSpecification","dayOfWeek":["Monday","Sunday"],"opens":"00:00","closes":"00:00"},{"@type":"OpeningHoursSpecification","dayOfWeek":["Tuesday","Wednesday","Thursday","Friday","Saturday"],"opens":"12:00","closes":"22:00"}],"email":"coliseepizzeria@gmail.com","areaServed":"Angers et ses environs, \u00e0 proximit\u00e9 de Terra Botanica.","vatID":"FR48822714242","taxID":"82271424200010","priceRange":"$$","currenciesAccepted":"EUR","paymentAccepted":"Esp\u00e8ces, Cartes bancaires, Paiement sans contact"},{"@type":"PostalAddress","@id":"https:\/\/coliseepizzeria.fr\/reservation-table\/#local-main-place-address","streetAddress":"26 rue du Champs de Bataille 49100 Angers, France","addressLocality":"Angers","postalCode":"49100","addressCountry":"FR"},{"@type":"ImageObject","inLanguage":"fr-FR","@id":"https:\/\/coliseepizzeria.fr\/reservation-table\/#local-main-organization-logo","url":"","contentUrl":"","caption":"Le Colis\u00e9e"}]},"geo.placename":"Angers","geo.position":{"lat":"47.48174783200131","long":"-0.5672229016094944"},"geo.region":"France"},"_links":{"self":[{"href":"https:\/\/coliseepizzeria.fr\/en\/wp-json\/wp\/v2\/pages\/2647","targetHints":{"allow":["GET"]}}],"collection":[{"href":"https:\/\/coliseepizzeria.fr\/en\/wp-json\/wp\/v2\/pages"}],"about":[{"href":"https:\/\/coliseepizzeria.fr\/en\/wp-json\/wp\/v2\/types\/page"}],"author":[{"embeddable":true,"href":"https:\/\/coliseepizzeria.fr\/en\/wp-json\/wp\/v2\/users\/1"}],"replies":[{"embeddable":true,"href":"https:\/\/coliseepizzeria.fr\/en\/wp-json\/wp\/v2\/comments?post=2647"}],"version-history":[{"count":10,"href":"https:\/\/coliseepizzeria.fr\/en\/wp-json\/wp\/v2\/pages\/2647\/revisions"}],"predecessor-version":[{"id":5075,"href":"https:\/\/coliseepizzeria.fr\/en\/wp-json\/wp\/v2\/pages\/2647\/revisions\/5075"}],"wp:attachment":[{"href":"https:\/\/coliseepizzeria.fr\/en\/wp-json\/wp\/v2\/media?parent=2647"}],"curies":[{"name":"wp","href":"https:\/\/api.w.org\/{rel}","templated":true}]}}